{"id":4606,"date":"2026-01-16T10:27:27","date_gmt":"2026-01-16T09:27:27","guid":{"rendered":"https:\/\/www.ecosuninnovations.com\/aviso-legal\/"},"modified":"2026-04-21T16:59:13","modified_gmt":"2026-04-21T14:59:13","slug":"aviso-legal","status":"publish","type":"page","link":"https:\/\/www.ecosuninnovations.com\/es\/aviso-legal\/","title":{"rendered":"Aviso legal"},"content":{"rendered":"\t\t<div data-elementor-type=\"wp-page\" data-elementor-id=\"4606\" class=\"elementor elementor-4606 elementor-884\" data-elementor-post-type=\"page\">\n\t\t\t\t<div class=\"elementor-element elementor-element-aea3940 e-flex e-con-boxed e-con e-parent\" data-id=\"aea3940\" data-element_type=\"container\" data-e-type=\"container\" data-settings=\"{&quot;background_background&quot;:&quot;gradient&quot;}\">\n\t\t\t\t\t<div class=\"e-con-inner\">\n\t\t\t\t<div class=\"elementor-element elementor-element-49cb0c84 elementor-widget elementor-widget-breadcrumbs\" data-id=\"49cb0c84\" data-element_type=\"widget\" data-e-type=\"widget\" data-widget_type=\"breadcrumbs.default\">\n\t\t\t\t\t<p id=\"breadcrumbs\"><span><span><a href=\"https:\/\/www.ecosuninnovations.com\/es\/\">Inicio<\/a><\/span><\/span><\/p>\t\t\t\t<\/div>\n\t\t\t\t<div class=\"elementor-element elementor-element-54dac485 title-underline elementor-widget elementor-widget-heading\" data-id=\"54dac485\" data-element_type=\"widget\" data-e-type=\"widget\" data-widget_type=\"heading.default\">\n\t\t\t\t\t<h1 class=\"elementor-heading-title elementor-size-default\">Aviso legal<\/h1>\t\t\t\t<\/div>\n\t\t\t\t\t<\/div>\n\t\t\t\t<\/div>\n\t\t<div class=\"elementor-element elementor-element-6b753bc e-flex e-con-boxed e-con e-parent\" data-id=\"6b753bc\" data-element_type=\"container\" data-e-type=\"container\">\n\t\t\t\t\t<div class=\"e-con-inner\">\n\t\t\t\t<div class=\"elementor-element elementor-element-160d3c7 elementor-widget elementor-widget-heading\" data-id=\"160d3c7\" data-element_type=\"widget\" data-e-type=\"widget\" data-widget_type=\"heading.default\">\n\t\t\t\t\t<h2 class=\"elementor-heading-title elementor-size-default\">1. Editor del sitio<\/h2>\t\t\t\t<\/div>\n\t\t\t\t<div class=\"elementor-element elementor-element-b78eb83 elementor-widget elementor-widget-text-editor\" data-id=\"b78eb83\" data-element_type=\"widget\" data-e-type=\"widget\" data-widget_type=\"text-editor.default\">\n\t\t\t\t\t\t\t\t\t<p>Este sitio web est\u00e1 publicado por :<\/p><ul><li><b>Nombre de la empresa:<\/b> ECOSUN Innovations<\/li><li><b style=\"font-family: -apple-system, BlinkMacSystemFont, 'Segoe UI', Roboto, 'Helvetica Neue', Arial, 'Noto Sans', sans-serif, 'Apple Color Emoji', 'Segoe UI Emoji', 'Segoe UI Symbol', 'Noto Color Emoji';\">Forma jur\u00eddica : <\/b><span style=\"font-family: -apple-system, BlinkMacSystemFont, 'Segoe UI', Roboto, 'Helvetica Neue', Arial, 'Noto Sans', sans-serif, 'Apple Color Emoji', 'Segoe UI Emoji', 'Segoe UI Symbol', 'Noto Color Emoji';\">Sociedad por Acciones Simplificada (SAS)<\/span><\/li><li><b style=\"font-family: -apple-system, BlinkMacSystemFont, 'Segoe UI', Roboto, 'Helvetica Neue', Arial, 'Noto Sans', sans-serif, 'Apple Color Emoji', 'Segoe UI Emoji', 'Segoe UI Symbol', 'Noto Color Emoji';\">Capital social :<\/b><span style=\"font-family: -apple-system, BlinkMacSystemFont, 'Segoe UI', Roboto, 'Helvetica Neue', Arial, 'Noto Sans', sans-serif, 'Apple Color Emoji', 'Segoe UI Emoji', 'Segoe UI Symbol', 'Noto Color Emoji';\"> 360000,00 \u20ac<\/span><\/li><li><strong>Sede social<\/strong>: ZI ouest zone industrielle ouest, 68490 HOMBOURG<\/li><li><strong>N\u00famero de SIRENA<\/strong>: 814872511<\/li><li><strong>RCS<\/strong>: MULHOUSE 814 872 511L<\/li><li><strong>C\u00f3digo APE<\/strong>: 7112B &#8211; Ingenier\u00eda, estudios t\u00e9cnicos<\/li><li><strong>N\u00famero de IVA intracomunitario<\/strong>: FR71814872511<\/li><li><span style=\"font-family: -apple-system, BlinkMacSystemFont, 'Segoe UI', Roboto, 'Helvetica Neue', Arial, 'Noto Sans', sans-serif, 'Apple Color Emoji', 'Segoe UI Emoji', 'Segoe UI Symbol', 'Noto Color Emoji';\"><strong>Direcci\u00f3n de correo electr\u00f3nico<\/strong>: <a href=\"mailto:con&#116;&#97;&#99;&#116;&#64;ec&#111;&#115;u&#110;innovatio&#110;&#115;&#46;com\" title=\"con&#116;&#97;&#99;&#116;&#64;ec&#111;&#115;u&#110;innovatio&#110;&#115;&#46;com\">con&#116;&#97;&#99;&#116;&#64;ec&#111;&#115;u&#110;innovatio&#110;&#115;&#46;com<\/a><\/span><\/li><li><strong>Tel\u00e9fono<\/strong>: +33 3 89 820 820<\/li><\/ul>\t\t\t\t\t\t\t\t<\/div>\n\t\t\t\t<div class=\"elementor-element elementor-element-7c0483f elementor-widget elementor-widget-heading\" data-id=\"7c0483f\" data-element_type=\"widget\" data-e-type=\"widget\" data-widget_type=\"heading.default\">\n\t\t\t\t\t<h2 class=\"elementor-heading-title elementor-size-default\">2. Director de la publicaci\u00f3n<\/h2>\t\t\t\t<\/div>\n\t\t\t\t<div class=\"elementor-element elementor-element-d44ab01 elementor-widget elementor-widget-text-editor\" data-id=\"d44ab01\" data-element_type=\"widget\" data-e-type=\"widget\" data-widget_type=\"text-editor.default\">\n\t\t\t\t\t\t\t\t\t<p>El director de la publicaci\u00f3n es:<br>ROHMER FREDERIC, en su calidad de Presidente de la SAS.<\/p>\t\t\t\t\t\t\t\t<\/div>\n\t\t\t\t<div class=\"elementor-element elementor-element-5948cc3 elementor-widget elementor-widget-heading\" data-id=\"5948cc3\" data-element_type=\"widget\" data-e-type=\"widget\" data-widget_type=\"heading.default\">\n\t\t\t\t\t<h2 class=\"elementor-heading-title elementor-size-default\">3. Alojamiento<\/h2>\t\t\t\t<\/div>\n\t\t\t\t<div class=\"elementor-element elementor-element-3ddeccb elementor-widget elementor-widget-text-editor\" data-id=\"3ddeccb\" data-element_type=\"widget\" data-e-type=\"widget\" data-widget_type=\"text-editor.default\">\n\t\t\t\t\t\t\t\t\t<p>El sitio est\u00e1 alojado en :<\/p><ul><li>Anfitri\u00f3n : GANDI<\/li><li>Nombre de la empresa: GANDI SAS<\/li><li><span style=\"font-family: -apple-system, BlinkMacSystemFont, 'Segoe UI', Roboto, 'Helvetica Neue', Arial, 'Noto Sans', sans-serif, 'Apple Color Emoji', 'Segoe UI Emoji', 'Segoe UI Symbol', 'Noto Color Emoji';\">Direcci\u00f3n: 63-65 boulevard Mass\u00e9na, 75013 Par\u00eds, Francia<\/span><\/li><li>Tel\u00e9fono: +33 (0)1 70 37 76 61<\/li><li>P\u00e1gina web: https:\/\/www.gandi.net<\/li><\/ul>\t\t\t\t\t\t\t\t<\/div>\n\t\t\t\t<div class=\"elementor-element elementor-element-663ea39 elementor-widget elementor-widget-heading\" data-id=\"663ea39\" data-element_type=\"widget\" data-e-type=\"widget\" data-widget_type=\"heading.default\">\n\t\t\t\t\t<h2 class=\"elementor-heading-title elementor-size-default\">4. Derechos de propiedad intelectual<\/h2>\t\t\t\t<\/div>\n\t\t\t\t<div class=\"elementor-element elementor-element-b068bd1 elementor-widget elementor-widget-text-editor\" data-id=\"b068bd1\" data-element_type=\"widget\" data-e-type=\"widget\" data-widget_type=\"text-editor.default\">\n\t\t\t\t\t\t\t\t\t<p>Todo el contenido de este sitio (texto, im\u00e1genes, ilustraciones, logotipos, gr\u00e1ficos, estructura general, etc.) es propiedad exclusiva de <strong>ECOSUN Innovations<\/strong>, a menos que se indique lo contrario.<\/p><p>Queda prohibida cualquier reproducci\u00f3n, representaci\u00f3n, modificaci\u00f3n, publicaci\u00f3n o adaptaci\u00f3n, total o parcial, de estos elementos, por cualquier procedimiento, sin autorizaci\u00f3n previa por escrito.<\/p>\t\t\t\t\t\t\t\t<\/div>\n\t\t\t\t<div class=\"elementor-element elementor-element-cf6b6ce elementor-widget elementor-widget-heading\" data-id=\"cf6b6ce\" data-element_type=\"widget\" data-e-type=\"widget\" data-widget_type=\"heading.default\">\n\t\t\t\t\t<h2 class=\"elementor-heading-title elementor-size-default\">5. Datos personales<\/h2>\t\t\t\t<\/div>\n\t\t\t\t<div class=\"elementor-element elementor-element-1deab80 elementor-widget elementor-widget-text-editor\" data-id=\"1deab80\" data-element_type=\"widget\" data-e-type=\"widget\" data-widget_type=\"text-editor.default\">\n\t\t\t\t\t\t\t\t\t<p>Los datos personales recogidos a trav\u00e9s de los formularios de contacto est\u00e1n destinados exclusivamente a <strong>ECOSUN Innovations<\/strong> y se utilizan \u00fanicamente para gestionar las solicitudes y las relaciones comerciales.<\/p><p>De conformidad con el <strong>Reglamento General de Protecci\u00f3n de Datos (RGPD &#8211; UE 2016\/679)<\/strong>, tienes los siguientes derechos:<\/p><ul><li>derecho de acceso<\/li><li>derecho de rectificaci\u00f3n<\/li><li>derecho al borrado<\/li><li>derecho de oposici\u00f3n<\/li><li>derecho a restringir el tratamiento<\/li><\/ul><p>Puedes ejercer estos derechos enviando tu solicitud a :  <a href=\"mailto:&#99;o&#110;t&#97;ct&#64;&#101;c&#111;su&#110;&#105;n&#110;o&#118;&#97;ti&#111;&#110;s.&#99;&#111;m\" title=\"&#99;o&#110;t&#97;ct&#64;&#101;c&#111;su&#110;&#105;n&#110;o&#118;&#97;ti&#111;&#110;s.&#99;&#111;m\">&#99;o&#110;t&#97;ct&#64;&#101;c&#111;su&#110;&#105;n&#110;o&#118;&#97;ti&#111;&#110;s.&#99;&#111;m<\/a><\/p>\t\t\t\t\t\t\t\t<\/div>\n\t\t\t\t<div class=\"elementor-element elementor-element-f283924 elementor-widget elementor-widget-heading\" data-id=\"f283924\" data-element_type=\"widget\" data-e-type=\"widget\" data-widget_type=\"heading.default\">\n\t\t\t\t\t<h2 class=\"elementor-heading-title elementor-size-default\">6. Cookies<\/h2>\t\t\t\t<\/div>\n\t\t\t\t<div class=\"elementor-element elementor-element-4b1c1e9 elementor-widget elementor-widget-text-editor\" data-id=\"4b1c1e9\" data-element_type=\"widget\" data-e-type=\"widget\" data-widget_type=\"text-editor.default\">\n\t\t\t\t\t\t\t\t\t<p>El sitio puede utilizar cookies con fines operativos, de medici\u00f3n de audiencia y para mejorar la experiencia del usuario.<\/p><p>En la primera visita, un banner informa a los usuarios del uso de cookies y les permite expresar su consentimiento.<br>Para m\u00e1s informaci\u00f3n, los usuarios pueden consultar la <a href=\"https:\/\/www.ecosuninnovations.com\/politique-de-cookies\/\">pol\u00edtica de cookies<\/a>.<\/p>\t\t\t\t\t\t\t\t<\/div>\n\t\t\t\t<div class=\"elementor-element elementor-element-598e5d6 elementor-widget elementor-widget-heading\" data-id=\"598e5d6\" data-element_type=\"widget\" data-e-type=\"widget\" data-widget_type=\"heading.default\">\n\t\t\t\t\t<h2 class=\"elementor-heading-title elementor-size-default\">7. Responsabilidad<\/h2>\t\t\t\t<\/div>\n\t\t\t\t<div class=\"elementor-element elementor-element-2e6d823 elementor-widget elementor-widget-text-editor\" data-id=\"2e6d823\" data-element_type=\"widget\" data-e-type=\"widget\" data-widget_type=\"text-editor.default\">\n\t\t\t\t\t\t\t\t\t<p><strong>ECOSUN Innovations<\/strong> se esfuerza por proporcionar informaci\u00f3n precisa y actualizada en el sitio web. Sin embargo, no se hace responsable de los errores, omisiones o indisponibilidad temporal de la informaci\u00f3n. <\/p><p>El sitio puede contener enlaces a sitios de terceros. <strong>ECOSUN Innovations<\/strong> no se hace responsable del contenido ni del funcionamiento de estos sitios externos.<\/p>\t\t\t\t\t\t\t\t<\/div>\n\t\t\t\t\t<\/div>\n\t\t\t\t<\/div>\n\t\t\t\t<\/div>\n\t\t","protected":false},"excerpt":{"rendered":"<p>1. Editor del sitio Este sitio web est\u00e1 publicado por : Nombre de la empresa: ECOSUN Innovations Forma jur\u00eddica : Sociedad por Acciones Simplificada (SAS) Capital social : 360000,00 \u20ac Sede social: ZI ouest zone industrielle ouest, 68490 HOMBOURG N\u00famero de SIRENA: 814872511 RCS: MULHOUSE 814 872 511L C\u00f3digo APE: 7112B &#8211; Ingenier\u00eda, estudios t\u00e9cnicos [&hellip;]<\/p>\n","protected":false},"author":1,"featured_media":0,"parent":0,"menu_order":0,"comment_status":"closed","ping_status":"closed","template":"elementor_header_footer","meta":{"_acf_changed":false,"footnotes":""},"class_list":["post-4606","page","type-page","status-publish","hentry"],"acf":[],"yoast_head":"<!-- This site is optimized with the Yoast SEO plugin v27.4 - https:\/\/yoast.com\/product\/yoast-seo-wordpress\/ -->\n<title>Aviso legal - ECOSUN Innovations<\/title>\n<meta name=\"robots\" content=\"index, follow, max-snippet:-1, max-image-preview:large, max-video-preview:-1\" \/>\n<link rel=\"canonical\" href=\"https:\/\/www.ecosuninnovations.com\/es\/aviso-legal\/\" \/>\n<meta property=\"og:locale\" content=\"es_ES\" \/>\n<meta property=\"og:type\" content=\"article\" \/>\n<meta property=\"og:title\" content=\"Aviso legal - ECOSUN Innovations\" \/>\n<meta property=\"og:description\" content=\"1. Editor del sitio Este sitio web est\u00e1 publicado por : Nombre de la empresa: ECOSUN Innovations Forma jur\u00eddica : Sociedad por Acciones Simplificada (SAS) Capital social : 360000,00 \u20ac Sede social: ZI ouest zone industrielle ouest, 68490 HOMBOURG N\u00famero de SIRENA: 814872511 RCS: MULHOUSE 814 872 511L C\u00f3digo APE: 7112B &#8211; Ingenier\u00eda, estudios t\u00e9cnicos [&hellip;]\" \/>\n<meta property=\"og:url\" content=\"https:\/\/www.ecosuninnovations.com\/es\/aviso-legal\/\" \/>\n<meta property=\"og:site_name\" content=\"ECOSUN Innovations\" \/>\n<meta property=\"article:publisher\" content=\"https:\/\/www.facebook.com\/ecosuninnovations\" \/>\n<meta property=\"article:modified_time\" content=\"2026-04-21T14:59:13+00:00\" \/>\n<meta name=\"twitter:card\" content=\"summary_large_image\" \/>\n<meta name=\"twitter:label1\" content=\"Tiempo de lectura\" \/>\n\t<meta name=\"twitter:data1\" content=\"2 minutos\" \/>\n<script type=\"application\/ld+json\" class=\"yoast-schema-graph\">{\"@context\":\"https:\\\/\\\/schema.org\",\"@graph\":[{\"@type\":\"WebPage\",\"@id\":\"https:\\\/\\\/www.ecosuninnovations.com\\\/es\\\/aviso-legal\\\/\",\"url\":\"https:\\\/\\\/www.ecosuninnovations.com\\\/es\\\/aviso-legal\\\/\",\"name\":\"Aviso legal - ECOSUN Innovations\",\"isPartOf\":{\"@id\":\"https:\\\/\\\/www.ecosuninnovations.com\\\/es\\\/#website\"},\"datePublished\":\"2026-01-16T09:27:27+00:00\",\"dateModified\":\"2026-04-21T14:59:13+00:00\",\"breadcrumb\":{\"@id\":\"https:\\\/\\\/www.ecosuninnovations.com\\\/es\\\/aviso-legal\\\/#breadcrumb\"},\"inLanguage\":\"es\",\"potentialAction\":[{\"@type\":\"ReadAction\",\"target\":[\"https:\\\/\\\/www.ecosuninnovations.com\\\/es\\\/aviso-legal\\\/\"]}]},{\"@type\":\"BreadcrumbList\",\"@id\":\"https:\\\/\\\/www.ecosuninnovations.com\\\/es\\\/aviso-legal\\\/#breadcrumb\",\"itemListElement\":[{\"@type\":\"ListItem\",\"position\":1,\"name\":\"Inicio\",\"item\":\"https:\\\/\\\/www.ecosuninnovations.com\\\/es\\\/\"},{\"@type\":\"ListItem\",\"position\":2,\"name\":\"Aviso legal\"}]},{\"@type\":\"WebSite\",\"@id\":\"https:\\\/\\\/www.ecosuninnovations.com\\\/es\\\/#website\",\"url\":\"https:\\\/\\\/www.ecosuninnovations.com\\\/es\\\/\",\"name\":\"ECOSUN Innovations\",\"description\":\"Solutions de g\u00e9n\u00e9rateurs solaires pr\u00eats \u00e0 brancher et transportables r\u00e9pondant aux besoins des zones non raccord\u00e9es \u00e0 un r\u00e9seau \u00e9lectrique pour mission militaire, humanitaire, villages isol\u00e9s, pompage, activit\u00e9 mini\u00e8re ou \u00e9cotourisme...\",\"publisher\":{\"@id\":\"https:\\\/\\\/www.ecosuninnovations.com\\\/es\\\/#organization\"},\"potentialAction\":[{\"@type\":\"SearchAction\",\"target\":{\"@type\":\"EntryPoint\",\"urlTemplate\":\"https:\\\/\\\/www.ecosuninnovations.com\\\/es\\\/?s={search_term_string}\"},\"query-input\":{\"@type\":\"PropertyValueSpecification\",\"valueRequired\":true,\"valueName\":\"search_term_string\"}}],\"inLanguage\":\"es\"},{\"@type\":\"Organization\",\"@id\":\"https:\\\/\\\/www.ecosuninnovations.com\\\/es\\\/#organization\",\"name\":\"ECOSUN Innovations\",\"url\":\"https:\\\/\\\/www.ecosuninnovations.com\\\/es\\\/\",\"logo\":{\"@type\":\"ImageObject\",\"inLanguage\":\"es\",\"@id\":\"https:\\\/\\\/www.ecosuninnovations.com\\\/es\\\/#\\\/schema\\\/logo\\\/image\\\/\",\"url\":\"https:\\\/\\\/www.ecosuninnovations.com\\\/wp-content\\\/uploads\\\/2026\\\/01\\\/logo_ecosun-innovations.png\",\"contentUrl\":\"https:\\\/\\\/www.ecosuninnovations.com\\\/wp-content\\\/uploads\\\/2026\\\/01\\\/logo_ecosun-innovations.png\",\"width\":553,\"height\":226,\"caption\":\"ECOSUN Innovations\"},\"image\":{\"@id\":\"https:\\\/\\\/www.ecosuninnovations.com\\\/es\\\/#\\\/schema\\\/logo\\\/image\\\/\"},\"sameAs\":[\"https:\\\/\\\/www.facebook.com\\\/ecosuninnovations\",\"https:\\\/\\\/www.linkedin.com\\\/company\\\/ecosun-innovations\"]}]}<\/script>\n<!-- \/ Yoast SEO plugin. -->","yoast_head_json":{"title":"Aviso legal - ECOSUN Innovations","robots":{"index":"index","follow":"follow","max-snippet":"max-snippet:-1","max-image-preview":"max-image-preview:large","max-video-preview":"max-video-preview:-1"},"canonical":"https:\/\/www.ecosuninnovations.com\/es\/aviso-legal\/","og_locale":"es_ES","og_type":"article","og_title":"Aviso legal - ECOSUN Innovations","og_description":"1. Editor del sitio Este sitio web est\u00e1 publicado por : Nombre de la empresa: ECOSUN Innovations Forma jur\u00eddica : Sociedad por Acciones Simplificada (SAS) Capital social : 360000,00 \u20ac Sede social: ZI ouest zone industrielle ouest, 68490 HOMBOURG N\u00famero de SIRENA: 814872511 RCS: MULHOUSE 814 872 511L C\u00f3digo APE: 7112B &#8211; Ingenier\u00eda, estudios t\u00e9cnicos [&hellip;]","og_url":"https:\/\/www.ecosuninnovations.com\/es\/aviso-legal\/","og_site_name":"ECOSUN Innovations","article_publisher":"https:\/\/www.facebook.com\/ecosuninnovations","article_modified_time":"2026-04-21T14:59:13+00:00","twitter_card":"summary_large_image","twitter_misc":{"Tiempo de lectura":"2 minutos"},"schema":{"@context":"https:\/\/schema.org","@graph":[{"@type":"WebPage","@id":"https:\/\/www.ecosuninnovations.com\/es\/aviso-legal\/","url":"https:\/\/www.ecosuninnovations.com\/es\/aviso-legal\/","name":"Aviso legal - ECOSUN Innovations","isPartOf":{"@id":"https:\/\/www.ecosuninnovations.com\/es\/#website"},"datePublished":"2026-01-16T09:27:27+00:00","dateModified":"2026-04-21T14:59:13+00:00","breadcrumb":{"@id":"https:\/\/www.ecosuninnovations.com\/es\/aviso-legal\/#breadcrumb"},"inLanguage":"es","potentialAction":[{"@type":"ReadAction","target":["https:\/\/www.ecosuninnovations.com\/es\/aviso-legal\/"]}]},{"@type":"BreadcrumbList","@id":"https:\/\/www.ecosuninnovations.com\/es\/aviso-legal\/#breadcrumb","itemListElement":[{"@type":"ListItem","position":1,"name":"Inicio","item":"https:\/\/www.ecosuninnovations.com\/es\/"},{"@type":"ListItem","position":2,"name":"Aviso legal"}]},{"@type":"WebSite","@id":"https:\/\/www.ecosuninnovations.com\/es\/#website","url":"https:\/\/www.ecosuninnovations.com\/es\/","name":"ECOSUN Innovations","description":"Solutions de g\u00e9n\u00e9rateurs solaires pr\u00eats \u00e0 brancher et transportables r\u00e9pondant aux besoins des zones non raccord\u00e9es \u00e0 un r\u00e9seau \u00e9lectrique pour mission militaire, humanitaire, villages isol\u00e9s, pompage, activit\u00e9 mini\u00e8re ou \u00e9cotourisme...","publisher":{"@id":"https:\/\/www.ecosuninnovations.com\/es\/#organization"},"potentialAction":[{"@type":"SearchAction","target":{"@type":"EntryPoint","urlTemplate":"https:\/\/www.ecosuninnovations.com\/es\/?s={search_term_string}"},"query-input":{"@type":"PropertyValueSpecification","valueRequired":true,"valueName":"search_term_string"}}],"inLanguage":"es"},{"@type":"Organization","@id":"https:\/\/www.ecosuninnovations.com\/es\/#organization","name":"ECOSUN Innovations","url":"https:\/\/www.ecosuninnovations.com\/es\/","logo":{"@type":"ImageObject","inLanguage":"es","@id":"https:\/\/www.ecosuninnovations.com\/es\/#\/schema\/logo\/image\/","url":"https:\/\/www.ecosuninnovations.com\/wp-content\/uploads\/2026\/01\/logo_ecosun-innovations.png","contentUrl":"https:\/\/www.ecosuninnovations.com\/wp-content\/uploads\/2026\/01\/logo_ecosun-innovations.png","width":553,"height":226,"caption":"ECOSUN Innovations"},"image":{"@id":"https:\/\/www.ecosuninnovations.com\/es\/#\/schema\/logo\/image\/"},"sameAs":["https:\/\/www.facebook.com\/ecosuninnovations","https:\/\/www.linkedin.com\/company\/ecosun-innovations"]}]}},"_links":{"self":[{"href":"https:\/\/www.ecosuninnovations.com\/es\/wp-json\/wp\/v2\/pages\/4606","targetHints":{"allow":["GET"]}}],"collection":[{"href":"https:\/\/www.ecosuninnovations.com\/es\/wp-json\/wp\/v2\/pages"}],"about":[{"href":"https:\/\/www.ecosuninnovations.com\/es\/wp-json\/wp\/v2\/types\/page"}],"author":[{"embeddable":true,"href":"https:\/\/www.ecosuninnovations.com\/es\/wp-json\/wp\/v2\/users\/1"}],"replies":[{"embeddable":true,"href":"https:\/\/www.ecosuninnovations.com\/es\/wp-json\/wp\/v2\/comments?post=4606"}],"version-history":[{"count":5,"href":"https:\/\/www.ecosuninnovations.com\/es\/wp-json\/wp\/v2\/pages\/4606\/revisions"}],"predecessor-version":[{"id":4756,"href":"https:\/\/www.ecosuninnovations.com\/es\/wp-json\/wp\/v2\/pages\/4606\/revisions\/4756"}],"wp:attachment":[{"href":"https:\/\/www.ecosuninnovations.com\/es\/wp-json\/wp\/v2\/media?parent=4606"}],"curies":[{"name":"wp","href":"https:\/\/api.w.org\/{rel}","templated":true}]}}