{"id":4219,"date":"2026-01-16T11:42:54","date_gmt":"2026-01-16T10:42:54","guid":{"rendered":"https:\/\/www.ecosuninnovations.com\/politica-de-privacidad\/"},"modified":"2026-04-21T16:22:39","modified_gmt":"2026-04-21T14:22:39","slug":"politica-de-privacidad","status":"publish","type":"page","link":"https:\/\/www.ecosuninnovations.com\/es\/politica-de-privacidad\/","title":{"rendered":"Pol\u00edtica de privacidad"},"content":{"rendered":"\t\t<div data-elementor-type=\"wp-page\" data-elementor-id=\"4219\" class=\"elementor elementor-4219 elementor-912\" data-elementor-post-type=\"page\">\n\t\t\t\t<div class=\"elementor-element elementor-element-3ed121b2 e-flex e-con-boxed e-con e-parent\" data-id=\"3ed121b2\" data-element_type=\"container\" data-e-type=\"container\" data-settings=\"{&quot;background_background&quot;:&quot;gradient&quot;}\">\n\t\t\t\t\t<div class=\"e-con-inner\">\n\t\t\t\t<div class=\"elementor-element elementor-element-58cab71f elementor-widget elementor-widget-breadcrumbs\" data-id=\"58cab71f\" data-element_type=\"widget\" data-e-type=\"widget\" data-widget_type=\"breadcrumbs.default\">\n\t\t\t\t\t<p id=\"breadcrumbs\"><span><span><a href=\"https:\/\/www.ecosuninnovations.com\/es\/\">Inicio<\/a><\/span><\/span><\/p>\t\t\t\t<\/div>\n\t\t\t\t<div class=\"elementor-element elementor-element-61eddad4 title-underline elementor-widget elementor-widget-heading\" data-id=\"61eddad4\" data-element_type=\"widget\" data-e-type=\"widget\" data-widget_type=\"heading.default\">\n\t\t\t\t\t<h1 class=\"elementor-heading-title elementor-size-default\">Pol\u00edtica de privacidad<\/h1>\t\t\t\t<\/div>\n\t\t\t\t\t<\/div>\n\t\t\t\t<\/div>\n\t\t<div class=\"elementor-element elementor-element-5e53775 e-flex e-con-boxed e-con e-parent\" data-id=\"5e53775\" data-element_type=\"container\" data-e-type=\"container\">\n\t\t\t\t\t<div class=\"e-con-inner\">\n\t\t\t\t<div class=\"elementor-element elementor-element-0a9215c elementor-widget elementor-widget-heading\" data-id=\"0a9215c\" data-element_type=\"widget\" data-e-type=\"widget\" data-widget_type=\"heading.default\">\n\t\t\t\t\t<h2 class=\"elementor-heading-title elementor-size-default\">1. Responsable del tratamiento<\/h2>\t\t\t\t<\/div>\n\t\t\t\t<div class=\"elementor-element elementor-element-432b162 elementor-widget elementor-widget-text-editor\" data-id=\"432b162\" data-element_type=\"widget\" data-e-type=\"widget\" data-widget_type=\"text-editor.default\">\n\t\t\t\t\t\t\t\t\t<p>El responsable del tratamiento de los datos personales es:<\/p><p><strong>ECOSUN Innovations<\/strong><br>Soci\u00e9t\u00e9 par actions simplifi\u00e9e (SAS)<br>Si\u00e8ge social : ZI ouest zone industrielle ouest, 68490 HOMBOURG<br>Email : <span style=\"font-family: -apple-system, BlinkMacSystemFont, 'Segoe UI', Roboto, 'Helvetica Neue', Arial, 'Noto Sans', sans-serif, 'Apple Color Emoji', 'Segoe UI Emoji', 'Segoe UI Symbol', 'Noto Color Emoji';\"><a href=\"mailto:&#99;&#111;&#110;t&#97;&#99;t&#64;&#101;c&#111;&#115;&#117;ni&#110;no&#118;&#97;ti&#111;n&#115;.&#99;om\" title=\"&#99;&#111;&#110;t&#97;&#99;t&#64;&#101;c&#111;&#115;&#117;ni&#110;no&#118;&#97;ti&#111;n&#115;.&#99;om\">&#99;&#111;&#110;t&#97;&#99;t&#64;&#101;c&#111;&#115;&#117;ni&#110;no&#118;&#97;ti&#111;n&#115;.&#99;om<\/a><\/span><\/p>\t\t\t\t\t\t\t\t<\/div>\n\t\t\t\t<div class=\"elementor-element elementor-element-c714a31 elementor-widget elementor-widget-heading\" data-id=\"c714a31\" data-element_type=\"widget\" data-e-type=\"widget\" data-widget_type=\"heading.default\">\n\t\t\t\t\t<h2 class=\"elementor-heading-title elementor-size-default\">2. Datos personales recopilados<\/h2>\t\t\t\t<\/div>\n\t\t\t\t<div class=\"elementor-element elementor-element-d9b9feb elementor-widget elementor-widget-text-editor\" data-id=\"d9b9feb\" data-element_type=\"widget\" data-e-type=\"widget\" data-widget_type=\"text-editor.default\">\n\t\t\t\t\t\t\t\t\t<p>Solo recopilamos los datos estrictamente necesarios para el correcto funcionamiento del sitio y la gesti\u00f3n de las solicitudes:<\/p>\t\t\t\t\t\t\t\t<\/div>\n\t\t\t\t<div class=\"elementor-element elementor-element-f0b81f5 elementor-widget elementor-widget-heading\" data-id=\"f0b81f5\" data-element_type=\"widget\" data-e-type=\"widget\" data-widget_type=\"heading.default\">\n\t\t\t\t\t<h3 class=\"elementor-heading-title elementor-size-default\">a) A trav\u00e9s de los formularios de contacto<\/h3>\t\t\t\t<\/div>\n\t\t\t\t<div class=\"elementor-element elementor-element-532c5d5 elementor-widget elementor-widget-text-editor\" data-id=\"532c5d5\" data-element_type=\"widget\" data-e-type=\"widget\" data-widget_type=\"text-editor.default\">\n\t\t\t\t\t\t\t\t\t<ul><li>Nombre y apelido<\/li><li>Email<\/li><li>Numero de tel\u00e9fono<\/li><li>Contenido del mensaje<\/li><\/ul>\t\t\t\t\t\t\t\t<\/div>\n\t\t\t\t<div class=\"elementor-element elementor-element-b79915a elementor-widget elementor-widget-heading\" data-id=\"b79915a\" data-element_type=\"widget\" data-e-type=\"widget\" data-widget_type=\"heading.default\">\n\t\t\t\t\t<h3 class=\"elementor-heading-title elementor-size-default\">b) Datos de navegaci\u00f3n<\/h3>\t\t\t\t<\/div>\n\t\t\t\t<div class=\"elementor-element elementor-element-c31c051 elementor-widget elementor-widget-text-editor\" data-id=\"c31c051\" data-element_type=\"widget\" data-e-type=\"widget\" data-widget_type=\"text-editor.default\">\n\t\t\t\t\t\t\t\t\t<ul><li>Direcci\u00f3n IP (anonimizada)<\/li><li>Tipo de navegador y terminal<\/li><li><span style=\"font-family: -apple-system, BlinkMacSystemFont, 'Segoe UI', Roboto, 'Helvetica Neue', Arial, 'Noto Sans', sans-serif, 'Apple Color Emoji', 'Segoe UI Emoji', 'Segoe UI Symbol', 'Noto Color Emoji';\">P\u00e1ginas visitadas<\/span><\/li><li><span style=\"font-family: -apple-system, BlinkMacSystemFont, 'Segoe UI', Roboto, 'Helvetica Neue', Arial, 'Noto Sans', sans-serif, 'Apple Color Emoji', 'Segoe UI Emoji', 'Segoe UI Symbol', 'Noto Color Emoji';\">Dur\u00e9e de navigation<\/span><\/li><\/ul><p>Estos datos se recopilan a trav\u00e9s de Google Analytics 4 (GA4)<\/p>\t\t\t\t\t\t\t\t<\/div>\n\t\t\t\t<div class=\"elementor-element elementor-element-8ee9912 elementor-widget elementor-widget-heading\" data-id=\"8ee9912\" data-element_type=\"widget\" data-e-type=\"widget\" data-widget_type=\"heading.default\">\n\t\t\t\t\t<h2 class=\"elementor-heading-title elementor-size-default\">3. Finalidad del tratamiento<\/h2>\t\t\t\t<\/div>\n\t\t\t\t<div class=\"elementor-element elementor-element-6e3b787 elementor-widget elementor-widget-text-editor\" data-id=\"6e3b787\" data-element_type=\"widget\" data-e-type=\"widget\" data-widget_type=\"text-editor.default\">\n\t\t\t\t\t\t\t\t\t<p>Los datos personales se recopilan para las siguientes finalidades:<\/p><ul><li>Responder a las solicitudes enviadas a trav\u00e9s del formulario de contacto<\/li><li>Garantizar el seguimiento de los intercambios comerciales.<\/li><li>Medir la audiencia y mejorar el contenido del sitio<\/li><li>Garantizar la seguridad y el correcto funcionamiento del sitio<\/li><\/ul>\t\t\t\t\t\t\t\t<\/div>\n\t\t\t\t<div class=\"elementor-element elementor-element-266e018 elementor-widget elementor-widget-heading\" data-id=\"266e018\" data-element_type=\"widget\" data-e-type=\"widget\" data-widget_type=\"heading.default\">\n\t\t\t\t\t<h2 class=\"elementor-heading-title elementor-size-default\">4. Base legal del tratamiento<\/h2>\t\t\t\t<\/div>\n\t\t\t\t<div class=\"elementor-element elementor-element-4a1c8e0 elementor-widget elementor-widget-text-editor\" data-id=\"4a1c8e0\" data-element_type=\"widget\" data-e-type=\"widget\" data-widget_type=\"text-editor.default\">\n\t\t\t\t\t\t\t\t\t<p>Los tratamientos se basan en:<\/p><ul><li>El consentimiento del usuario (formularios, cookies)<\/li><li>El inter\u00e9s leg\u00edtimo del responsable del tratamiento (seguridad, mejora del sitio)<\/li><\/ul>\t\t\t\t\t\t\t\t<\/div>\n\t\t\t\t<div class=\"elementor-element elementor-element-a1f90b9 elementor-widget elementor-widget-heading\" data-id=\"a1f90b9\" data-element_type=\"widget\" data-e-type=\"widget\" data-widget_type=\"heading.default\">\n\t\t\t\t\t<h2 class=\"elementor-heading-title elementor-size-default\">5. Destinatarios de los datos<\/h2>\t\t\t\t<\/div>\n\t\t\t\t<div class=\"elementor-element elementor-element-2016619 elementor-widget elementor-widget-text-editor\" data-id=\"2016619\" data-element_type=\"widget\" data-e-type=\"widget\" data-widget_type=\"text-editor.default\">\n\t\t\t\t\t\t\t\t\t<p>Los datos est\u00e1n destinados exclusivamente a ECOSUN Innovations.<\/p><p>No obstante, pueden ser tratadas por proveedores t\u00e9cnicos que act\u00faan como encargados del tratamiento, en particular:<\/p><ul><li>Google LLC (outil de mesure d\u2019audience \u2013 Google Analytics 4)<\/li><\/ul><p>Ning\u00fan dato se vende ni se cede a terceros.<\/p>\t\t\t\t\t\t\t\t<\/div>\n\t\t\t\t<div class=\"elementor-element elementor-element-78d439f elementor-widget elementor-widget-heading\" data-id=\"78d439f\" data-element_type=\"widget\" data-e-type=\"widget\" data-widget_type=\"heading.default\">\n\t\t\t\t\t<h2 class=\"elementor-heading-title elementor-size-default\">6. Transferencias fuera de la Uni\u00f3n Europea<\/h2>\t\t\t\t<\/div>\n\t\t\t\t<div class=\"elementor-element elementor-element-f093775 elementor-widget elementor-widget-text-editor\" data-id=\"f093775\" data-element_type=\"widget\" data-e-type=\"widget\" data-widget_type=\"text-editor.default\">\n\t\t\t\t\t\t\t\t\t<p>Google Analytics 4 puede implicar la transferencia de datos a Estados Unidos.<\/p><p>Esta transferencia est\u00e1 regulada por:<\/p><ul><li>Las cl\u00e1usulas contractuales tipo aprobadas por la Comisi\u00f3n Europea<\/li><li>Le <strong>Data Privacy Framework UE\u2013\u00c9tats-Unis<\/strong> cuando sean aplicables<\/li><\/ul>\t\t\t\t\t\t\t\t<\/div>\n\t\t\t\t<div class=\"elementor-element elementor-element-28d6db4 elementor-widget elementor-widget-heading\" data-id=\"28d6db4\" data-element_type=\"widget\" data-e-type=\"widget\" data-widget_type=\"heading.default\">\n\t\t\t\t\t<h2 class=\"elementor-heading-title elementor-size-default\">7. Duraci\u00f3n de conservaci\u00f3n<\/h2>\t\t\t\t<\/div>\n\t\t\t\t<div class=\"elementor-element elementor-element-014907b elementor-widget elementor-widget-text-editor\" data-id=\"014907b\" data-element_type=\"widget\" data-e-type=\"widget\" data-widget_type=\"text-editor.default\">\n\t\t\t\t\t\t\t\t\t<ul><li>Datos procedentes de los formularios: 3 a\u00f1os despu\u00e9s del \u00faltimo contacto<\/li><li>Datos de navegaci\u00f3n (cookies GA4): 14 meses como m\u00e1ximo<\/li><li>Logs technica : 12 meses<\/li><\/ul>\t\t\t\t\t\t\t\t<\/div>\n\t\t\t\t<div class=\"elementor-element elementor-element-1ceffad elementor-widget elementor-widget-heading\" data-id=\"1ceffad\" data-element_type=\"widget\" data-e-type=\"widget\" data-widget_type=\"heading.default\">\n\t\t\t\t\t<h2 class=\"elementor-heading-title elementor-size-default\">8. Derechos de los usuarios<\/h2>\t\t\t\t<\/div>\n\t\t\t\t<div class=\"elementor-element elementor-element-12cab18 elementor-widget elementor-widget-text-editor\" data-id=\"12cab18\" data-element_type=\"widget\" data-e-type=\"widget\" data-widget_type=\"text-editor.default\">\n\t\t\t\t\t\t\t\t\t<p>De conformidad con el RGPD, usted dispone de los siguientes derechos :<\/p><ul><li>Derecho de acceso<\/li><li>Derecho de rectificacion<\/li><li>Derecho de supresi\u00f3n<\/li><li>Derecho de oposici\u00f3n<\/li><li>Derecho a la limitaci\u00f3n del tratamiento<\/li><li>Derecho a la portabilidad de los datos<\/li><\/ul><p>Puede ejercer sus derechos en cualquier momento escribiendo a :<br><a href=\"mailto:&#99;o&#110;&#116;a&#99;t&#64;&#101;&#99;&#111;&#115;uni&#110;no&#118;&#97;&#116;&#105;on&#115;.com\" title=\"&#99;o&#110;&#116;a&#99;t&#64;&#101;&#99;&#111;&#115;uni&#110;no&#118;&#97;&#116;&#105;on&#115;.com\">&#99;o&#110;&#116;a&#99;t&#64;&#101;&#99;&#111;&#115;uni&#110;no&#118;&#97;&#116;&#105;on&#115;.com<\/a><\/p><p>En cas de litige, vous pouvez saisir la <a href=\"https:\/\/www.cnil.fr\" target=\"_blank\" rel=\"noopener\">CNIL<\/a>.<\/p>\t\t\t\t\t\t\t\t<\/div>\n\t\t\t\t<div class=\"elementor-element elementor-element-0c5b7e5 elementor-widget elementor-widget-heading\" data-id=\"0c5b7e5\" data-element_type=\"widget\" data-e-type=\"widget\" data-widget_type=\"heading.default\">\n\t\t\t\t\t<h2 class=\"elementor-heading-title elementor-size-default\">9. Seguridad de los datos<\/h2>\t\t\t\t<\/div>\n\t\t\t\t<div class=\"elementor-element elementor-element-ea6a174 elementor-widget elementor-widget-text-editor\" data-id=\"ea6a174\" data-element_type=\"widget\" data-e-type=\"widget\" data-widget_type=\"text-editor.default\">\n\t\t\t\t\t\t\t\t\t<p><strong>ECOSUN Innovations implementa medidas t\u00e9cnicas y organizativas adecuadas para garantizar la seguridad y la confidencialidad de los datos personales.<\/strong><\/p>\t\t\t\t\t\t\t\t<\/div>\n\t\t\t\t<div class=\"elementor-element elementor-element-d5e13dc elementor-widget elementor-widget-heading\" data-id=\"d5e13dc\" data-element_type=\"widget\" data-e-type=\"widget\" data-widget_type=\"heading.default\">\n\t\t\t\t\t<h2 class=\"elementor-heading-title elementor-size-default\">10. Modificaci\u00f3n de la pol\u00edtica<\/h2>\t\t\t\t<\/div>\n\t\t\t\t<div class=\"elementor-element elementor-element-db362fc elementor-widget elementor-widget-text-editor\" data-id=\"db362fc\" data-element_type=\"widget\" data-e-type=\"widget\" data-widget_type=\"text-editor.default\">\n\t\t\t\t\t\t\t\t\t<p>La presente pol\u00edtica puede modificarse en cualquier momento para garantizar su conformidad con la legislaci\u00f3n vigente.<br>La fecha de actualizaci\u00f3n ser\u00e1 indicada.<\/p><p>\u00daltima actualizaci\u00f3n : 16\/01\/2026<\/p>\t\t\t\t\t\t\t\t<\/div>\n\t\t\t\t\t<\/div>\n\t\t\t\t<\/div>\n\t\t\t\t<\/div>\n\t\t","protected":false},"excerpt":{"rendered":"<p>1. Responsable del tratamiento El responsable del tratamiento de los datos personales es: ECOSUN InnovationsSoci\u00e9t\u00e9 par actions simplifi\u00e9e (SAS)Si\u00e8ge social : ZI ouest zone industrielle ouest, 68490 HOMBOURGEmail : 2. Datos personales recopilados Solo recopilamos los datos estrictamente necesarios para el correcto funcionamiento del sitio y la gesti\u00f3n de las solicitudes: a) A trav\u00e9s de [&hellip;]<\/p>\n","protected":false},"author":1,"featured_media":0,"parent":0,"menu_order":0,"comment_status":"closed","ping_status":"closed","template":"elementor_header_footer","meta":{"_acf_changed":false,"footnotes":""},"class_list":["post-4219","page","type-page","status-publish","hentry"],"acf":[],"yoast_head":"<!-- This site is optimized with the Yoast SEO plugin v27.4 - https:\/\/yoast.com\/product\/yoast-seo-wordpress\/ -->\n<title>Pol\u00edtica de privacidad - ECOSUN Innovations<\/title>\n<meta name=\"robots\" content=\"index, follow, max-snippet:-1, max-image-preview:large, max-video-preview:-1\" \/>\n<link rel=\"canonical\" href=\"https:\/\/www.ecosuninnovations.com\/es\/politica-de-privacidad\/\" \/>\n<meta property=\"og:locale\" content=\"es_ES\" \/>\n<meta property=\"og:type\" content=\"article\" \/>\n<meta property=\"og:title\" content=\"Pol\u00edtica de privacidad - ECOSUN Innovations\" \/>\n<meta property=\"og:description\" content=\"1. Responsable del tratamiento El responsable del tratamiento de los datos personales es: ECOSUN InnovationsSoci\u00e9t\u00e9 par actions simplifi\u00e9e (SAS)Si\u00e8ge social : ZI ouest zone industrielle ouest, 68490 HOMBOURGEmail : 2. Datos personales recopilados Solo recopilamos los datos estrictamente necesarios para el correcto funcionamiento del sitio y la gesti\u00f3n de las solicitudes: a) A trav\u00e9s de [&hellip;]\" \/>\n<meta property=\"og:url\" content=\"https:\/\/www.ecosuninnovations.com\/es\/politica-de-privacidad\/\" \/>\n<meta property=\"og:site_name\" content=\"ECOSUN Innovations\" \/>\n<meta property=\"article:publisher\" content=\"https:\/\/www.facebook.com\/ecosuninnovations\" \/>\n<meta property=\"article:modified_time\" content=\"2026-04-21T14:22:39+00:00\" \/>\n<meta name=\"twitter:card\" content=\"summary_large_image\" \/>\n<meta name=\"twitter:label1\" content=\"Tiempo de lectura\" \/>\n\t<meta name=\"twitter:data1\" content=\"2 minutos\" \/>\n<script type=\"application\/ld+json\" class=\"yoast-schema-graph\">{\"@context\":\"https:\\\/\\\/schema.org\",\"@graph\":[{\"@type\":\"WebPage\",\"@id\":\"https:\\\/\\\/www.ecosuninnovations.com\\\/es\\\/politica-de-privacidad\\\/\",\"url\":\"https:\\\/\\\/www.ecosuninnovations.com\\\/es\\\/politica-de-privacidad\\\/\",\"name\":\"Pol\u00edtica de privacidad - ECOSUN Innovations\",\"isPartOf\":{\"@id\":\"https:\\\/\\\/www.ecosuninnovations.com\\\/es\\\/#website\"},\"datePublished\":\"2026-01-16T10:42:54+00:00\",\"dateModified\":\"2026-04-21T14:22:39+00:00\",\"breadcrumb\":{\"@id\":\"https:\\\/\\\/www.ecosuninnovations.com\\\/es\\\/politica-de-privacidad\\\/#breadcrumb\"},\"inLanguage\":\"es\",\"potentialAction\":[{\"@type\":\"ReadAction\",\"target\":[\"https:\\\/\\\/www.ecosuninnovations.com\\\/es\\\/politica-de-privacidad\\\/\"]}]},{\"@type\":\"BreadcrumbList\",\"@id\":\"https:\\\/\\\/www.ecosuninnovations.com\\\/es\\\/politica-de-privacidad\\\/#breadcrumb\",\"itemListElement\":[{\"@type\":\"ListItem\",\"position\":1,\"name\":\"Inicio\",\"item\":\"https:\\\/\\\/www.ecosuninnovations.com\\\/es\\\/\"},{\"@type\":\"ListItem\",\"position\":2,\"name\":\"Pol\u00edtica de privacidad\"}]},{\"@type\":\"WebSite\",\"@id\":\"https:\\\/\\\/www.ecosuninnovations.com\\\/es\\\/#website\",\"url\":\"https:\\\/\\\/www.ecosuninnovations.com\\\/es\\\/\",\"name\":\"ECOSUN Innovations\",\"description\":\"Solutions de g\u00e9n\u00e9rateurs solaires pr\u00eats \u00e0 brancher et transportables r\u00e9pondant aux besoins des zones non raccord\u00e9es \u00e0 un r\u00e9seau \u00e9lectrique pour mission militaire, humanitaire, villages isol\u00e9s, pompage, activit\u00e9 mini\u00e8re ou \u00e9cotourisme...\",\"publisher\":{\"@id\":\"https:\\\/\\\/www.ecosuninnovations.com\\\/es\\\/#organization\"},\"potentialAction\":[{\"@type\":\"SearchAction\",\"target\":{\"@type\":\"EntryPoint\",\"urlTemplate\":\"https:\\\/\\\/www.ecosuninnovations.com\\\/es\\\/?s={search_term_string}\"},\"query-input\":{\"@type\":\"PropertyValueSpecification\",\"valueRequired\":true,\"valueName\":\"search_term_string\"}}],\"inLanguage\":\"es\"},{\"@type\":\"Organization\",\"@id\":\"https:\\\/\\\/www.ecosuninnovations.com\\\/es\\\/#organization\",\"name\":\"ECOSUN Innovations\",\"url\":\"https:\\\/\\\/www.ecosuninnovations.com\\\/es\\\/\",\"logo\":{\"@type\":\"ImageObject\",\"inLanguage\":\"es\",\"@id\":\"https:\\\/\\\/www.ecosuninnovations.com\\\/es\\\/#\\\/schema\\\/logo\\\/image\\\/\",\"url\":\"https:\\\/\\\/www.ecosuninnovations.com\\\/wp-content\\\/uploads\\\/2026\\\/01\\\/logo_ecosun-innovations.png\",\"contentUrl\":\"https:\\\/\\\/www.ecosuninnovations.com\\\/wp-content\\\/uploads\\\/2026\\\/01\\\/logo_ecosun-innovations.png\",\"width\":553,\"height\":226,\"caption\":\"ECOSUN Innovations\"},\"image\":{\"@id\":\"https:\\\/\\\/www.ecosuninnovations.com\\\/es\\\/#\\\/schema\\\/logo\\\/image\\\/\"},\"sameAs\":[\"https:\\\/\\\/www.facebook.com\\\/ecosuninnovations\",\"https:\\\/\\\/www.linkedin.com\\\/company\\\/ecosun-innovations\"]}]}<\/script>\n<!-- \/ Yoast SEO plugin. -->","yoast_head_json":{"title":"Pol\u00edtica de privacidad - ECOSUN Innovations","robots":{"index":"index","follow":"follow","max-snippet":"max-snippet:-1","max-image-preview":"max-image-preview:large","max-video-preview":"max-video-preview:-1"},"canonical":"https:\/\/www.ecosuninnovations.com\/es\/politica-de-privacidad\/","og_locale":"es_ES","og_type":"article","og_title":"Pol\u00edtica de privacidad - ECOSUN Innovations","og_description":"1. Responsable del tratamiento El responsable del tratamiento de los datos personales es: ECOSUN InnovationsSoci\u00e9t\u00e9 par actions simplifi\u00e9e (SAS)Si\u00e8ge social : ZI ouest zone industrielle ouest, 68490 HOMBOURGEmail : 2. Datos personales recopilados Solo recopilamos los datos estrictamente necesarios para el correcto funcionamiento del sitio y la gesti\u00f3n de las solicitudes: a) A trav\u00e9s de [&hellip;]","og_url":"https:\/\/www.ecosuninnovations.com\/es\/politica-de-privacidad\/","og_site_name":"ECOSUN Innovations","article_publisher":"https:\/\/www.facebook.com\/ecosuninnovations","article_modified_time":"2026-04-21T14:22:39+00:00","twitter_card":"summary_large_image","twitter_misc":{"Tiempo de lectura":"2 minutos"},"schema":{"@context":"https:\/\/schema.org","@graph":[{"@type":"WebPage","@id":"https:\/\/www.ecosuninnovations.com\/es\/politica-de-privacidad\/","url":"https:\/\/www.ecosuninnovations.com\/es\/politica-de-privacidad\/","name":"Pol\u00edtica de privacidad - ECOSUN Innovations","isPartOf":{"@id":"https:\/\/www.ecosuninnovations.com\/es\/#website"},"datePublished":"2026-01-16T10:42:54+00:00","dateModified":"2026-04-21T14:22:39+00:00","breadcrumb":{"@id":"https:\/\/www.ecosuninnovations.com\/es\/politica-de-privacidad\/#breadcrumb"},"inLanguage":"es","potentialAction":[{"@type":"ReadAction","target":["https:\/\/www.ecosuninnovations.com\/es\/politica-de-privacidad\/"]}]},{"@type":"BreadcrumbList","@id":"https:\/\/www.ecosuninnovations.com\/es\/politica-de-privacidad\/#breadcrumb","itemListElement":[{"@type":"ListItem","position":1,"name":"Inicio","item":"https:\/\/www.ecosuninnovations.com\/es\/"},{"@type":"ListItem","position":2,"name":"Pol\u00edtica de privacidad"}]},{"@type":"WebSite","@id":"https:\/\/www.ecosuninnovations.com\/es\/#website","url":"https:\/\/www.ecosuninnovations.com\/es\/","name":"ECOSUN Innovations","description":"Solutions de g\u00e9n\u00e9rateurs solaires pr\u00eats \u00e0 brancher et transportables r\u00e9pondant aux besoins des zones non raccord\u00e9es \u00e0 un r\u00e9seau \u00e9lectrique pour mission militaire, humanitaire, villages isol\u00e9s, pompage, activit\u00e9 mini\u00e8re ou \u00e9cotourisme...","publisher":{"@id":"https:\/\/www.ecosuninnovations.com\/es\/#organization"},"potentialAction":[{"@type":"SearchAction","target":{"@type":"EntryPoint","urlTemplate":"https:\/\/www.ecosuninnovations.com\/es\/?s={search_term_string}"},"query-input":{"@type":"PropertyValueSpecification","valueRequired":true,"valueName":"search_term_string"}}],"inLanguage":"es"},{"@type":"Organization","@id":"https:\/\/www.ecosuninnovations.com\/es\/#organization","name":"ECOSUN Innovations","url":"https:\/\/www.ecosuninnovations.com\/es\/","logo":{"@type":"ImageObject","inLanguage":"es","@id":"https:\/\/www.ecosuninnovations.com\/es\/#\/schema\/logo\/image\/","url":"https:\/\/www.ecosuninnovations.com\/wp-content\/uploads\/2026\/01\/logo_ecosun-innovations.png","contentUrl":"https:\/\/www.ecosuninnovations.com\/wp-content\/uploads\/2026\/01\/logo_ecosun-innovations.png","width":553,"height":226,"caption":"ECOSUN Innovations"},"image":{"@id":"https:\/\/www.ecosuninnovations.com\/es\/#\/schema\/logo\/image\/"},"sameAs":["https:\/\/www.facebook.com\/ecosuninnovations","https:\/\/www.linkedin.com\/company\/ecosun-innovations"]}]}},"_links":{"self":[{"href":"https:\/\/www.ecosuninnovations.com\/es\/wp-json\/wp\/v2\/pages\/4219","targetHints":{"allow":["GET"]}}],"collection":[{"href":"https:\/\/www.ecosuninnovations.com\/es\/wp-json\/wp\/v2\/pages"}],"about":[{"href":"https:\/\/www.ecosuninnovations.com\/es\/wp-json\/wp\/v2\/types\/page"}],"author":[{"embeddable":true,"href":"https:\/\/www.ecosuninnovations.com\/es\/wp-json\/wp\/v2\/users\/1"}],"replies":[{"embeddable":true,"href":"https:\/\/www.ecosuninnovations.com\/es\/wp-json\/wp\/v2\/comments?post=4219"}],"version-history":[{"count":5,"href":"https:\/\/www.ecosuninnovations.com\/es\/wp-json\/wp\/v2\/pages\/4219\/revisions"}],"predecessor-version":[{"id":4751,"href":"https:\/\/www.ecosuninnovations.com\/es\/wp-json\/wp\/v2\/pages\/4219\/revisions\/4751"}],"wp:attachment":[{"href":"https:\/\/www.ecosuninnovations.com\/es\/wp-json\/wp\/v2\/media?parent=4219"}],"curies":[{"name":"wp","href":"https:\/\/api.w.org\/{rel}","templated":true}]}}