{"id":3195,"date":"2026-01-16T11:55:13","date_gmt":"2026-01-16T10:55:13","guid":{"rendered":"https:\/\/ecosuninnovations.local\/cookie-policy\/"},"modified":"2026-03-10T18:07:53","modified_gmt":"2026-03-10T17:07:53","slug":"cookie-policy","status":"publish","type":"page","link":"https:\/\/www.ecosuninnovations.com\/en\/cookie-policy\/","title":{"rendered":"Cookie policy"},"content":{"rendered":"\t\t<div data-elementor-type=\"wp-page\" data-elementor-id=\"3195\" class=\"elementor elementor-3195 elementor-916\" data-elementor-post-type=\"page\">\n\t\t\t\t<div class=\"elementor-element elementor-element-68443dc6 e-flex e-con-boxed e-con e-parent\" data-id=\"68443dc6\" data-element_type=\"container\" data-e-type=\"container\" data-settings=\"{&quot;background_background&quot;:&quot;gradient&quot;}\">\n\t\t\t\t\t<div class=\"e-con-inner\">\n\t\t\t\t<div class=\"elementor-element elementor-element-71eb915c elementor-widget elementor-widget-breadcrumbs\" data-id=\"71eb915c\" data-element_type=\"widget\" data-e-type=\"widget\" data-widget_type=\"breadcrumbs.default\">\n\t\t\t\t\t<p id=\"breadcrumbs\"><span><span><a href=\"https:\/\/www.ecosuninnovations.com\/en\/\">Home<\/a><\/span><\/span><\/p>\t\t\t\t<\/div>\n\t\t\t\t<div class=\"elementor-element elementor-element-7f67cec title-underline elementor-widget elementor-widget-heading\" data-id=\"7f67cec\" data-element_type=\"widget\" data-e-type=\"widget\" data-widget_type=\"heading.default\">\n\t\t\t\t\t<h1 class=\"elementor-heading-title elementor-size-default\">Cookie policy<\/h1>\t\t\t\t<\/div>\n\t\t\t\t\t<\/div>\n\t\t\t\t<\/div>\n\t\t<div class=\"elementor-element elementor-element-793f93c e-flex e-con-boxed e-con e-parent\" data-id=\"793f93c\" data-element_type=\"container\" data-e-type=\"container\">\n\t\t\t\t\t<div class=\"e-con-inner\">\n\t\t\t\t<div class=\"elementor-element elementor-element-08e599d elementor-widget elementor-widget-heading\" data-id=\"08e599d\" data-element_type=\"widget\" data-e-type=\"widget\" data-widget_type=\"heading.default\">\n\t\t\t\t\t<h2 class=\"elementor-heading-title elementor-size-default\">1. What is a cookie?<\/h2>\t\t\t\t<\/div>\n\t\t\t\t<div class=\"elementor-element elementor-element-551dc84 elementor-widget elementor-widget-text-editor\" data-id=\"551dc84\" data-element_type=\"widget\" data-e-type=\"widget\" data-widget_type=\"text-editor.default\">\n\t\t\t\t\t\t\t\t\t<p>A cookie is a small text file stored on the user&#8217;s device when visiting a website.<br>It allows us to recognise a user, improve the browsing experience and measure audience numbers.<\/p>\t\t\t\t\t\t\t\t<\/div>\n\t\t\t\t<div class=\"elementor-element elementor-element-5f9b200 elementor-widget elementor-widget-heading\" data-id=\"5f9b200\" data-element_type=\"widget\" data-e-type=\"widget\" data-widget_type=\"heading.default\">\n\t\t\t\t\t<h2 class=\"elementor-heading-title elementor-size-default\">2. Cookies used on this website<\/h2>\t\t\t\t<\/div>\n\t\t\t\t<div class=\"elementor-element elementor-element-589feaa elementor-widget elementor-widget-text-editor\" data-id=\"589feaa\" data-element_type=\"widget\" data-e-type=\"widget\" data-widget_type=\"text-editor.default\">\n\t\t\t\t\t\t\t\t\t<p>This website uses the following categories of cookies:<\/p>\t\t\t\t\t\t\t\t<\/div>\n\t\t\t\t<div class=\"elementor-element elementor-element-e2e5984 elementor-widget elementor-widget-heading\" data-id=\"e2e5984\" data-element_type=\"widget\" data-e-type=\"widget\" data-widget_type=\"heading.default\">\n\t\t\t\t\t<h3 class=\"elementor-heading-title elementor-size-default\">a) Cookies strictement n\u00e9cessaires<\/h3>\t\t\t\t<\/div>\n\t\t\t\t<div class=\"elementor-element elementor-element-2eccd99 elementor-widget elementor-widget-text-editor\" data-id=\"2eccd99\" data-element_type=\"widget\" data-e-type=\"widget\" data-widget_type=\"text-editor.default\">\n\t\t\t\t\t\t\t\t\t<p>These cookies are essential for the website to function properly and cannot be disabled.<\/p><table><thead><tr><th>Cookie<\/th><th>Purpose<\/th><th>Duration<\/th><\/tr><\/thead><tbody><tr><td><code>_ga<\/code><\/td>D<td>istinguishing between users<\/td><td>13 months<\/td><\/tr><tr><td><code>_ga_*<\/code><\/td><td>Preserve session state<\/td><td>13 months<\/td><\/tr><\/tbody><\/table><p>The data collected is <strong>anonymised<\/strong> as much as possible.<\/p>\t\t\t\t\t\t\t\t<\/div>\n\t\t\t\t<div class=\"elementor-element elementor-element-c019e18 elementor-widget elementor-widget-heading\" data-id=\"c019e18\" data-element_type=\"widget\" data-e-type=\"widget\" data-widget_type=\"heading.default\">\n\t\t\t\t\t<h3 class=\"elementor-heading-title elementor-size-default\">b) Cookies de mesure d'audience (GA4)<\/h3>\t\t\t\t<\/div>\n\t\t\t\t<div class=\"elementor-element elementor-element-6ceeb1d elementor-widget elementor-widget-text-editor\" data-id=\"6ceeb1d\" data-element_type=\"widget\" data-e-type=\"widget\" data-widget_type=\"text-editor.default\">\n\t\t\t\t\t\t\t\t\t<p>These cookies enable us to analyse website traffic and improve its content.<\/p>\t\t\t\t\t\t\t\t<\/div>\n\t\t\t\t<div class=\"elementor-element elementor-element-9560e09 elementor-widget elementor-widget-heading\" data-id=\"9560e09\" data-element_type=\"widget\" data-e-type=\"widget\" data-widget_type=\"heading.default\">\n\t\t\t\t\t<h2 class=\"elementor-heading-title elementor-size-default\">3. Consent<\/h2>\t\t\t\t<\/div>\n\t\t\t\t<div class=\"elementor-element elementor-element-8af1022 elementor-widget elementor-widget-text-editor\" data-id=\"8af1022\" data-element_type=\"widget\" data-e-type=\"widget\" data-widget_type=\"text-editor.default\">\n\t\t\t\t\t\t\t\t\t<p>During the first visit, a <strong>cookie banner<\/strong> informs the user:<\/p><ul><li>cookies used<\/li><li>their purpose<\/li><li>the option to accept, decline or configure cookies<\/li><\/ul><p>Audience measurement cookies are only stored <strong>after explicit consent has been given<\/strong>.<\/p>\t\t\t\t\t\t\t\t<\/div>\n\t\t\t\t<div class=\"elementor-element elementor-element-7478347 elementor-widget elementor-widget-heading\" data-id=\"7478347\" data-element_type=\"widget\" data-e-type=\"widget\" data-widget_type=\"heading.default\">\n\t\t\t\t\t<h2 class=\"elementor-heading-title elementor-size-default\">4. Cookie management<\/h2>\t\t\t\t<\/div>\n\t\t\t\t<div class=\"elementor-element elementor-element-c9a9786 elementor-widget elementor-widget-text-editor\" data-id=\"c9a9786\" data-element_type=\"widget\" data-e-type=\"widget\" data-widget_type=\"text-editor.default\">\n\t\t\t\t\t\t\t\t\t<p>The user may:<\/p><ul><li>Change your preferences at any time via the cookie banner.<\/li><li>Configure your browser to block cookies<\/li><li>Delete cookies already stored<\/li><\/ul><p>\u26a0 Refusing certain cookies may affect some features of the website.<\/p>\t\t\t\t\t\t\t\t<\/div>\n\t\t\t\t<div class=\"elementor-element elementor-element-982c0c4 elementor-widget elementor-widget-heading\" data-id=\"982c0c4\" data-element_type=\"widget\" data-e-type=\"widget\" data-widget_type=\"heading.default\">\n\t\t\t\t\t<h2 class=\"elementor-heading-title elementor-size-default\">5. Tools used<\/h2>\t\t\t\t<\/div>\n\t\t\t\t<div class=\"elementor-element elementor-element-207442e elementor-widget elementor-widget-text-editor\" data-id=\"207442e\" data-element_type=\"widget\" data-e-type=\"widget\" data-widget_type=\"text-editor.default\">\n\t\t\t\t\t\t\t\t\t<ul><li><strong>Google Analytics 4<\/strong> \u2013 Google LLC<\/li><li><span style=\"font-family: -apple-system, BlinkMacSystemFont, 'Segoe UI', Roboto, 'Helvetica Neue', Arial, 'Noto Sans', sans-serif, 'Apple Color Emoji', 'Segoe UI Emoji', 'Segoe UI Symbol', 'Noto Color Emoji';\">Recommended settings:<\/span><ul><li><span style=\"font-family: -apple-system, BlinkMacSystemFont, 'Segoe UI', Roboto, 'Helvetica Neue', Arial, 'Noto Sans', sans-serif, 'Apple Color Emoji', 'Segoe UI Emoji', 'Segoe UI Symbol', 'Noto Color Emoji';\">Anonymised IP address<\/span><\/li><li>No advertising overlap<\/li><li>No Google Signals without consent<\/li><\/ul><\/li><\/ul>\t\t\t\t\t\t\t\t<\/div>\n\t\t\t\t<div class=\"elementor-element elementor-element-01a8397 elementor-widget elementor-widget-heading\" data-id=\"01a8397\" data-element_type=\"widget\" data-e-type=\"widget\" data-widget_type=\"heading.default\">\n\t\t\t\t\t<h2 class=\"elementor-heading-title elementor-size-default\">6. Contact<\/h2>\t\t\t\t<\/div>\n\t\t\t\t<div class=\"elementor-element elementor-element-2cff461 elementor-widget elementor-widget-text-editor\" data-id=\"2cff461\" data-element_type=\"widget\" data-e-type=\"widget\" data-widget_type=\"text-editor.default\">\n\t\t\t\t\t\t\t\t\t<p>For any questions regarding cookies or personal data:<br><a href=\"mailto:c&#111;ntact&#64;&#101;co&#115;u&#110;i&#110;n&#111;&#118;&#97;ti&#111;n&#115;&#46;&#99;&#111;&#109;\" title=\"c&#111;ntact&#64;&#101;co&#115;u&#110;i&#110;n&#111;&#118;&#97;ti&#111;n&#115;&#46;&#99;&#111;&#109;\">c&#111;ntact&#64;&#101;co&#115;u&#110;i&#110;n&#111;&#118;&#97;ti&#111;n&#115;&#46;&#99;&#111;&#109;<\/a><\/p>\t\t\t\t\t\t\t\t<\/div>\n\t\t\t\t\t<\/div>\n\t\t\t\t<\/div>\n\t\t\t\t<\/div>\n\t\t","protected":false},"excerpt":{"rendered":"<p>1. What is a cookie? A cookie is a small text file stored on the user&#8217;s device when visiting a website.It allows us to recognise a user, improve the browsing experience and measure audience numbers. 2. Cookies used on this website This website uses the following categories of cookies: a) Cookies strictement n\u00e9cessaires These cookies [&hellip;]<\/p>\n","protected":false},"author":1,"featured_media":0,"parent":0,"menu_order":0,"comment_status":"closed","ping_status":"closed","template":"elementor_header_footer","meta":{"_acf_changed":false,"footnotes":""},"class_list":["post-3195","page","type-page","status-publish","hentry"],"acf":[],"yoast_head":"<!-- This site is optimized with the Yoast SEO plugin v27.3 - https:\/\/yoast.com\/product\/yoast-seo-wordpress\/ -->\n<title>Cookie policy - ECOSUN Innovations<\/title>\n<meta name=\"robots\" content=\"index, follow, max-snippet:-1, max-image-preview:large, max-video-preview:-1\" \/>\n<link rel=\"canonical\" href=\"https:\/\/www.ecosuninnovations.com\/en\/cookie-policy\/\" \/>\n<meta property=\"og:locale\" content=\"en_US\" \/>\n<meta property=\"og:type\" content=\"article\" \/>\n<meta property=\"og:title\" content=\"Cookie policy - ECOSUN Innovations\" \/>\n<meta property=\"og:description\" content=\"1. What is a cookie? A cookie is a small text file stored on the user&#8217;s device when visiting a website.It allows us to recognise a user, improve the browsing experience and measure audience numbers. 2. Cookies used on this website This website uses the following categories of cookies: a) Cookies strictement n\u00e9cessaires These cookies [&hellip;]\" \/>\n<meta property=\"og:url\" content=\"https:\/\/www.ecosuninnovations.com\/en\/cookie-policy\/\" \/>\n<meta property=\"og:site_name\" content=\"ECOSUN Innovations\" \/>\n<meta property=\"article:publisher\" content=\"https:\/\/www.facebook.com\/ecosuninnovations\" \/>\n<meta property=\"article:modified_time\" content=\"2026-03-10T17:07:53+00:00\" \/>\n<meta name=\"twitter:card\" content=\"summary_large_image\" \/>\n<meta name=\"twitter:label1\" content=\"Est. reading time\" \/>\n\t<meta name=\"twitter:data1\" content=\"1 minute\" \/>\n<script type=\"application\/ld+json\" class=\"yoast-schema-graph\">{\"@context\":\"https:\\\/\\\/schema.org\",\"@graph\":[{\"@type\":\"WebPage\",\"@id\":\"https:\\\/\\\/www.ecosuninnovations.com\\\/en\\\/cookie-policy\\\/\",\"url\":\"https:\\\/\\\/www.ecosuninnovations.com\\\/en\\\/cookie-policy\\\/\",\"name\":\"Cookie policy - ECOSUN Innovations\",\"isPartOf\":{\"@id\":\"https:\\\/\\\/www.ecosuninnovations.com\\\/en\\\/#website\"},\"datePublished\":\"2026-01-16T10:55:13+00:00\",\"dateModified\":\"2026-03-10T17:07:53+00:00\",\"breadcrumb\":{\"@id\":\"https:\\\/\\\/www.ecosuninnovations.com\\\/en\\\/cookie-policy\\\/#breadcrumb\"},\"inLanguage\":\"en-US\",\"potentialAction\":[{\"@type\":\"ReadAction\",\"target\":[\"https:\\\/\\\/www.ecosuninnovations.com\\\/en\\\/cookie-policy\\\/\"]}]},{\"@type\":\"BreadcrumbList\",\"@id\":\"https:\\\/\\\/www.ecosuninnovations.com\\\/en\\\/cookie-policy\\\/#breadcrumb\",\"itemListElement\":[{\"@type\":\"ListItem\",\"position\":1,\"name\":\"Home\",\"item\":\"https:\\\/\\\/www.ecosuninnovations.com\\\/en\\\/\"},{\"@type\":\"ListItem\",\"position\":2,\"name\":\"Cookie policy\"}]},{\"@type\":\"WebSite\",\"@id\":\"https:\\\/\\\/www.ecosuninnovations.com\\\/en\\\/#website\",\"url\":\"https:\\\/\\\/www.ecosuninnovations.com\\\/en\\\/\",\"name\":\"ECOSUN Innovations\",\"description\":\"Solutions de g\u00e9n\u00e9rateurs solaires pr\u00eats \u00e0 brancher et transportables r\u00e9pondant aux besoins des zones non raccord\u00e9es \u00e0 un r\u00e9seau \u00e9lectrique pour mission militaire, humanitaire, villages isol\u00e9s, pompage, activit\u00e9 mini\u00e8re ou \u00e9cotourisme...\",\"publisher\":{\"@id\":\"https:\\\/\\\/www.ecosuninnovations.com\\\/en\\\/#organization\"},\"potentialAction\":[{\"@type\":\"SearchAction\",\"target\":{\"@type\":\"EntryPoint\",\"urlTemplate\":\"https:\\\/\\\/www.ecosuninnovations.com\\\/en\\\/?s={search_term_string}\"},\"query-input\":{\"@type\":\"PropertyValueSpecification\",\"valueRequired\":true,\"valueName\":\"search_term_string\"}}],\"inLanguage\":\"en-US\"},{\"@type\":\"Organization\",\"@id\":\"https:\\\/\\\/www.ecosuninnovations.com\\\/en\\\/#organization\",\"name\":\"ECOSUN Innovations\",\"url\":\"https:\\\/\\\/www.ecosuninnovations.com\\\/en\\\/\",\"logo\":{\"@type\":\"ImageObject\",\"inLanguage\":\"en-US\",\"@id\":\"https:\\\/\\\/www.ecosuninnovations.com\\\/en\\\/#\\\/schema\\\/logo\\\/image\\\/\",\"url\":\"https:\\\/\\\/www.ecosuninnovations.com\\\/wp-content\\\/uploads\\\/2026\\\/01\\\/logo_ecosun-innovations.png\",\"contentUrl\":\"https:\\\/\\\/www.ecosuninnovations.com\\\/wp-content\\\/uploads\\\/2026\\\/01\\\/logo_ecosun-innovations.png\",\"width\":553,\"height\":226,\"caption\":\"ECOSUN Innovations\"},\"image\":{\"@id\":\"https:\\\/\\\/www.ecosuninnovations.com\\\/en\\\/#\\\/schema\\\/logo\\\/image\\\/\"},\"sameAs\":[\"https:\\\/\\\/www.facebook.com\\\/ecosuninnovations\",\"https:\\\/\\\/www.linkedin.com\\\/company\\\/ecosun-innovations\"]}]}<\/script>\n<!-- \/ Yoast SEO plugin. -->","yoast_head_json":{"title":"Cookie policy - ECOSUN Innovations","robots":{"index":"index","follow":"follow","max-snippet":"max-snippet:-1","max-image-preview":"max-image-preview:large","max-video-preview":"max-video-preview:-1"},"canonical":"https:\/\/www.ecosuninnovations.com\/en\/cookie-policy\/","og_locale":"en_US","og_type":"article","og_title":"Cookie policy - ECOSUN Innovations","og_description":"1. What is a cookie? A cookie is a small text file stored on the user&#8217;s device when visiting a website.It allows us to recognise a user, improve the browsing experience and measure audience numbers. 2. Cookies used on this website This website uses the following categories of cookies: a) Cookies strictement n\u00e9cessaires These cookies [&hellip;]","og_url":"https:\/\/www.ecosuninnovations.com\/en\/cookie-policy\/","og_site_name":"ECOSUN Innovations","article_publisher":"https:\/\/www.facebook.com\/ecosuninnovations","article_modified_time":"2026-03-10T17:07:53+00:00","twitter_card":"summary_large_image","twitter_misc":{"Est. reading time":"1 minute"},"schema":{"@context":"https:\/\/schema.org","@graph":[{"@type":"WebPage","@id":"https:\/\/www.ecosuninnovations.com\/en\/cookie-policy\/","url":"https:\/\/www.ecosuninnovations.com\/en\/cookie-policy\/","name":"Cookie policy - ECOSUN Innovations","isPartOf":{"@id":"https:\/\/www.ecosuninnovations.com\/en\/#website"},"datePublished":"2026-01-16T10:55:13+00:00","dateModified":"2026-03-10T17:07:53+00:00","breadcrumb":{"@id":"https:\/\/www.ecosuninnovations.com\/en\/cookie-policy\/#breadcrumb"},"inLanguage":"en-US","potentialAction":[{"@type":"ReadAction","target":["https:\/\/www.ecosuninnovations.com\/en\/cookie-policy\/"]}]},{"@type":"BreadcrumbList","@id":"https:\/\/www.ecosuninnovations.com\/en\/cookie-policy\/#breadcrumb","itemListElement":[{"@type":"ListItem","position":1,"name":"Home","item":"https:\/\/www.ecosuninnovations.com\/en\/"},{"@type":"ListItem","position":2,"name":"Cookie policy"}]},{"@type":"WebSite","@id":"https:\/\/www.ecosuninnovations.com\/en\/#website","url":"https:\/\/www.ecosuninnovations.com\/en\/","name":"ECOSUN Innovations","description":"Solutions de g\u00e9n\u00e9rateurs solaires pr\u00eats \u00e0 brancher et transportables r\u00e9pondant aux besoins des zones non raccord\u00e9es \u00e0 un r\u00e9seau \u00e9lectrique pour mission militaire, humanitaire, villages isol\u00e9s, pompage, activit\u00e9 mini\u00e8re ou \u00e9cotourisme...","publisher":{"@id":"https:\/\/www.ecosuninnovations.com\/en\/#organization"},"potentialAction":[{"@type":"SearchAction","target":{"@type":"EntryPoint","urlTemplate":"https:\/\/www.ecosuninnovations.com\/en\/?s={search_term_string}"},"query-input":{"@type":"PropertyValueSpecification","valueRequired":true,"valueName":"search_term_string"}}],"inLanguage":"en-US"},{"@type":"Organization","@id":"https:\/\/www.ecosuninnovations.com\/en\/#organization","name":"ECOSUN Innovations","url":"https:\/\/www.ecosuninnovations.com\/en\/","logo":{"@type":"ImageObject","inLanguage":"en-US","@id":"https:\/\/www.ecosuninnovations.com\/en\/#\/schema\/logo\/image\/","url":"https:\/\/www.ecosuninnovations.com\/wp-content\/uploads\/2026\/01\/logo_ecosun-innovations.png","contentUrl":"https:\/\/www.ecosuninnovations.com\/wp-content\/uploads\/2026\/01\/logo_ecosun-innovations.png","width":553,"height":226,"caption":"ECOSUN Innovations"},"image":{"@id":"https:\/\/www.ecosuninnovations.com\/en\/#\/schema\/logo\/image\/"},"sameAs":["https:\/\/www.facebook.com\/ecosuninnovations","https:\/\/www.linkedin.com\/company\/ecosun-innovations"]}]}},"_links":{"self":[{"href":"https:\/\/www.ecosuninnovations.com\/en\/wp-json\/wp\/v2\/pages\/3195","targetHints":{"allow":["GET"]}}],"collection":[{"href":"https:\/\/www.ecosuninnovations.com\/en\/wp-json\/wp\/v2\/pages"}],"about":[{"href":"https:\/\/www.ecosuninnovations.com\/en\/wp-json\/wp\/v2\/types\/page"}],"author":[{"embeddable":true,"href":"https:\/\/www.ecosuninnovations.com\/en\/wp-json\/wp\/v2\/users\/1"}],"replies":[{"embeddable":true,"href":"https:\/\/www.ecosuninnovations.com\/en\/wp-json\/wp\/v2\/comments?post=3195"}],"version-history":[{"count":1,"href":"https:\/\/www.ecosuninnovations.com\/en\/wp-json\/wp\/v2\/pages\/3195\/revisions"}],"predecessor-version":[{"id":3196,"href":"https:\/\/www.ecosuninnovations.com\/en\/wp-json\/wp\/v2\/pages\/3195\/revisions\/3196"}],"wp:attachment":[{"href":"https:\/\/www.ecosuninnovations.com\/en\/wp-json\/wp\/v2\/media?parent=3195"}],"curies":[{"name":"wp","href":"https:\/\/api.w.org\/{rel}","templated":true}]}}