{"id":3083,"date":"2026-01-16T11:42:54","date_gmt":"2026-01-16T10:42:54","guid":{"rendered":"https:\/\/ecosuninnovations.local\/privacy-policy\/"},"modified":"2026-03-10T10:51:00","modified_gmt":"2026-03-10T09:51:00","slug":"privacy-policy","status":"publish","type":"page","link":"https:\/\/www.ecosuninnovations.com\/en\/privacy-policy\/","title":{"rendered":"Privacy Policy"},"content":{"rendered":"\t\t<div data-elementor-type=\"wp-page\" data-elementor-id=\"3083\" class=\"elementor elementor-3083 elementor-912\" data-elementor-post-type=\"page\">\n\t\t\t\t<div class=\"elementor-element elementor-element-3ed121b2 e-flex e-con-boxed e-con e-parent\" data-id=\"3ed121b2\" data-element_type=\"container\" data-e-type=\"container\" data-settings=\"{&quot;background_background&quot;:&quot;gradient&quot;}\">\n\t\t\t\t\t<div class=\"e-con-inner\">\n\t\t\t\t<div class=\"elementor-element elementor-element-58cab71f elementor-widget elementor-widget-breadcrumbs\" data-id=\"58cab71f\" data-element_type=\"widget\" data-e-type=\"widget\" data-widget_type=\"breadcrumbs.default\">\n\t\t\t\t\t<p id=\"breadcrumbs\"><span><span><a href=\"https:\/\/www.ecosuninnovations.com\/en\/\">Home<\/a><\/span><\/span><\/p>\t\t\t\t<\/div>\n\t\t\t\t<div class=\"elementor-element elementor-element-61eddad4 title-underline elementor-widget elementor-widget-heading\" data-id=\"61eddad4\" data-element_type=\"widget\" data-e-type=\"widget\" data-widget_type=\"heading.default\">\n\t\t\t\t\t<h1 class=\"elementor-heading-title elementor-size-default\">Privacy Policy<\/h1>\t\t\t\t<\/div>\n\t\t\t\t\t<\/div>\n\t\t\t\t<\/div>\n\t\t<div class=\"elementor-element elementor-element-5e53775 e-flex e-con-boxed e-con e-parent\" data-id=\"5e53775\" data-element_type=\"container\" data-e-type=\"container\">\n\t\t\t\t\t<div class=\"e-con-inner\">\n\t\t\t\t<div class=\"elementor-element elementor-element-0a9215c elementor-widget elementor-widget-heading\" data-id=\"0a9215c\" data-element_type=\"widget\" data-e-type=\"widget\" data-widget_type=\"heading.default\">\n\t\t\t\t\t<h2 class=\"elementor-heading-title elementor-size-default\">1. Data Controller<\/h2>\t\t\t\t<\/div>\n\t\t\t\t<div class=\"elementor-element elementor-element-432b162 elementor-widget elementor-widget-text-editor\" data-id=\"432b162\" data-element_type=\"widget\" data-e-type=\"widget\" data-widget_type=\"text-editor.default\">\n\t\t\t\t\t\t\t\t\t<p>The data controller for personal data is:<\/p><p><strong>ECOSUN Innovations<\/strong><br>Simplified Joint Stock Company (SAS)<br>Registered office: ZI ouest zone industrielle ouest, 68490 HOMBOURG<br>Email:  <span style=\"font-family: -apple-system, BlinkMacSystemFont, 'Segoe UI', Roboto, 'Helvetica Neue', Arial, 'Noto Sans', sans-serif, 'Apple Color Emoji', 'Segoe UI Emoji', 'Segoe UI Symbol', 'Noto Color Emoji';\"><a href=\"mailto:&#99;&#111;nt&#97;c&#116;&#64;&#101;&#99;o&#115;uni&#110;nov&#97;ti&#111;ns.&#99;o&#109;\" title=\"&#99;&#111;nt&#97;c&#116;&#64;&#101;&#99;o&#115;uni&#110;nov&#97;ti&#111;ns.&#99;o&#109;\">&#99;&#111;nt&#97;c&#116;&#64;&#101;&#99;o&#115;uni&#110;nov&#97;ti&#111;ns.&#99;o&#109;<\/a><\/span><\/p>\t\t\t\t\t\t\t\t<\/div>\n\t\t\t\t<div class=\"elementor-element elementor-element-c714a31 elementor-widget elementor-widget-heading\" data-id=\"c714a31\" data-element_type=\"widget\" data-e-type=\"widget\" data-widget_type=\"heading.default\">\n\t\t\t\t\t<h2 class=\"elementor-heading-title elementor-size-default\">2. Personal Data Collected<\/h2>\t\t\t\t<\/div>\n\t\t\t\t<div class=\"elementor-element elementor-element-d9b9feb elementor-widget elementor-widget-text-editor\" data-id=\"d9b9feb\" data-element_type=\"widget\" data-e-type=\"widget\" data-widget_type=\"text-editor.default\">\n\t\t\t\t\t\t\t\t\t<p>We only collect data strictly necessary for the proper functioning of the site and for managing requests:<\/p>\t\t\t\t\t\t\t\t<\/div>\n\t\t\t\t<div class=\"elementor-element elementor-element-f0b81f5 elementor-widget elementor-widget-heading\" data-id=\"f0b81f5\" data-element_type=\"widget\" data-e-type=\"widget\" data-widget_type=\"heading.default\">\n\t\t\t\t\t<h3 class=\"elementor-heading-title elementor-size-default\">a) Via contact forms<\/h3>\t\t\t\t<\/div>\n\t\t\t\t<div class=\"elementor-element elementor-element-532c5d5 elementor-widget elementor-widget-text-editor\" data-id=\"532c5d5\" data-element_type=\"widget\" data-e-type=\"widget\" data-widget_type=\"text-editor.default\">\n\t\t\t\t\t\t\t\t\t<ul><li>Full name<\/li><li>Email address<\/li><li>Phone number (if applicable)<\/li><li>Message content<\/li><\/ul>\t\t\t\t\t\t\t\t<\/div>\n\t\t\t\t<div class=\"elementor-element elementor-element-b79915a elementor-widget elementor-widget-heading\" data-id=\"b79915a\" data-element_type=\"widget\" data-e-type=\"widget\" data-widget_type=\"heading.default\">\n\t\t\t\t\t<h3 class=\"elementor-heading-title elementor-size-default\">b) Browsing data<\/h3>\t\t\t\t<\/div>\n\t\t\t\t<div class=\"elementor-element elementor-element-c31c051 elementor-widget elementor-widget-text-editor\" data-id=\"c31c051\" data-element_type=\"widget\" data-e-type=\"widget\" data-widget_type=\"text-editor.default\">\n\t\t\t\t\t\t\t\t\t<ul><li>IP address (anonymized)<\/li><li>Browser and device type<\/li><li><span style=\"font-family: -apple-system, BlinkMacSystemFont, 'Segoe UI', Roboto, 'Helvetica Neue', Arial, 'Noto Sans', sans-serif, 'Apple Color Emoji', 'Segoe UI Emoji', 'Segoe UI Symbol', 'Noto Color Emoji';\">Pages visited<\/span><\/li><li><span style=\"font-family: -apple-system, BlinkMacSystemFont, 'Segoe UI', Roboto, 'Helvetica Neue', Arial, 'Noto Sans', sans-serif, 'Apple Color Emoji', 'Segoe UI Emoji', 'Segoe UI Symbol', 'Noto Color Emoji';\">Browsing duration<\/span><\/li><\/ul><p>This data is collected via Google Analytics 4 (GA4).<\/p>\t\t\t\t\t\t\t\t<\/div>\n\t\t\t\t<div class=\"elementor-element elementor-element-8ee9912 elementor-widget elementor-widget-heading\" data-id=\"8ee9912\" data-element_type=\"widget\" data-e-type=\"widget\" data-widget_type=\"heading.default\">\n\t\t\t\t\t<h2 class=\"elementor-heading-title elementor-size-default\">3. Purpose of Processing<\/h2>\t\t\t\t<\/div>\n\t\t\t\t<div class=\"elementor-element elementor-element-6e3b787 elementor-widget elementor-widget-text-editor\" data-id=\"6e3b787\" data-element_type=\"widget\" data-e-type=\"widget\" data-widget_type=\"text-editor.default\">\n\t\t\t\t\t\t\t\t\t<p>Personal data is collected for the following purposes:<\/p><ul><li>Responding to requests sent via the contact form<\/li><li>Ensuring follow-up of commercial exchanges<\/li><li>Measuring audience and improving site content<\/li><li>Ensuring the security and proper functioning of the site<\/li><\/ul>\t\t\t\t\t\t\t\t<\/div>\n\t\t\t\t<div class=\"elementor-element elementor-element-266e018 elementor-widget elementor-widget-heading\" data-id=\"266e018\" data-element_type=\"widget\" data-e-type=\"widget\" data-widget_type=\"heading.default\">\n\t\t\t\t\t<h2 class=\"elementor-heading-title elementor-size-default\">4. Legal Basis for Processing<\/h2>\t\t\t\t<\/div>\n\t\t\t\t<div class=\"elementor-element elementor-element-4a1c8e0 elementor-widget elementor-widget-text-editor\" data-id=\"4a1c8e0\" data-element_type=\"widget\" data-e-type=\"widget\" data-widget_type=\"text-editor.default\">\n\t\t\t\t\t\t\t\t\t<p>Processing is based on:<\/p><ul><li>User <strong>consent<\/strong> (form, cookies)<\/li><li>The <strong>legitimate interest<\/strong> of the data controller (security, site improvement)<\/li><\/ul>\t\t\t\t\t\t\t\t<\/div>\n\t\t\t\t<div class=\"elementor-element elementor-element-a1f90b9 elementor-widget elementor-widget-heading\" data-id=\"a1f90b9\" data-element_type=\"widget\" data-e-type=\"widget\" data-widget_type=\"heading.default\">\n\t\t\t\t\t<h2 class=\"elementor-heading-title elementor-size-default\">5. Data Recipients<\/h2>\t\t\t\t<\/div>\n\t\t\t\t<div class=\"elementor-element elementor-element-2016619 elementor-widget elementor-widget-text-editor\" data-id=\"2016619\" data-element_type=\"widget\" data-e-type=\"widget\" data-widget_type=\"text-editor.default\">\n\t\t\t\t\t\t\t\t\t<p>Data is exclusively intended for <strong>ECOSUN Innovations<\/strong>.<\/p><p>However, it may be processed by technical service providers acting as <strong>sub-processors<\/strong>, including:<\/p><ul><li>Google LLC (audience measurement tool \u2013 Google Analytics 4)<\/li><\/ul><p>No data is sold or transferred to third parties.<\/p>\t\t\t\t\t\t\t\t<\/div>\n\t\t\t\t<div class=\"elementor-element elementor-element-78d439f elementor-widget elementor-widget-heading\" data-id=\"78d439f\" data-element_type=\"widget\" data-e-type=\"widget\" data-widget_type=\"heading.default\">\n\t\t\t\t\t<h2 class=\"elementor-heading-title elementor-size-default\">6. Transfers Outside the European Union<\/h2>\t\t\t\t<\/div>\n\t\t\t\t<div class=\"elementor-element elementor-element-f093775 elementor-widget elementor-widget-text-editor\" data-id=\"f093775\" data-element_type=\"widget\" data-e-type=\"widget\" data-widget_type=\"text-editor.default\">\n\t\t\t\t\t\t\t\t\t<p>Google Analytics 4 may involve a transfer of data to the United States.<\/p><p>This transfer is governed by:<\/p><ul><li><strong>Standard contractual clauses<\/strong> approved by the European Commission<\/li><li>The <strong>EU-U.S. Data Privacy Framework<\/strong> when applicable<\/li><\/ul>\t\t\t\t\t\t\t\t<\/div>\n\t\t\t\t<div class=\"elementor-element elementor-element-28d6db4 elementor-widget elementor-widget-heading\" data-id=\"28d6db4\" data-element_type=\"widget\" data-e-type=\"widget\" data-widget_type=\"heading.default\">\n\t\t\t\t\t<h2 class=\"elementor-heading-title elementor-size-default\">7. Retention Period<\/h2>\t\t\t\t<\/div>\n\t\t\t\t<div class=\"elementor-element elementor-element-014907b elementor-widget elementor-widget-text-editor\" data-id=\"014907b\" data-element_type=\"widget\" data-e-type=\"widget\" data-widget_type=\"text-editor.default\">\n\t\t\t\t\t\t\t\t\t<ul><li>Data from forms: 3 years after the last contact<\/li><li>Browsing data (GA4 cookies): 14 months maximum<\/li><li>Technical logs: 12 months<\/li><\/ul>\t\t\t\t\t\t\t\t<\/div>\n\t\t\t\t<div class=\"elementor-element elementor-element-1ceffad elementor-widget elementor-widget-heading\" data-id=\"1ceffad\" data-element_type=\"widget\" data-e-type=\"widget\" data-widget_type=\"heading.default\">\n\t\t\t\t\t<h2 class=\"elementor-heading-title elementor-size-default\">8. User Rights<\/h2>\t\t\t\t<\/div>\n\t\t\t\t<div class=\"elementor-element elementor-element-12cab18 elementor-widget elementor-widget-text-editor\" data-id=\"12cab18\" data-element_type=\"widget\" data-e-type=\"widget\" data-widget_type=\"text-editor.default\">\n\t\t\t\t\t\t\t\t\t<p>In accordance with the GDPR, you have the following rights:<\/p><ul><li>Right of access<\/li><li>Right to rectification<\/li><li>Right to erasure<\/li><li>Right to object<\/li><li>Right to restriction of processing<\/li><li>Right to data portability<\/li><\/ul><p>You can exercise your rights at any time by writing to:<br><a href=\"mailto:&#99;&#111;&#110;t&#97;c&#116;&#64;ec&#111;&#115;&#117;&#110;inn&#111;vat&#105;o&#110;&#115;&#46;&#99;o&#109;\" title=\"&#99;&#111;&#110;t&#97;c&#116;&#64;ec&#111;&#115;&#117;&#110;inn&#111;vat&#105;o&#110;&#115;&#46;&#99;o&#109;\">&#99;&#111;&#110;t&#97;c&#116;&#64;ec&#111;&#115;&#117;&#110;inn&#111;vat&#105;o&#110;&#115;&#46;&#99;o&#109;<\/a><\/p><p>In case of dispute, you can contact the <a href=\"https:\/\/www.cnil.fr\" target=\"_blank\" rel=\"noopener\">CNIL<\/a>.<\/p>\t\t\t\t\t\t\t\t<\/div>\n\t\t\t\t<div class=\"elementor-element elementor-element-0c5b7e5 elementor-widget elementor-widget-heading\" data-id=\"0c5b7e5\" data-element_type=\"widget\" data-e-type=\"widget\" data-widget_type=\"heading.default\">\n\t\t\t\t\t<h2 class=\"elementor-heading-title elementor-size-default\">9. Data Security<\/h2>\t\t\t\t<\/div>\n\t\t\t\t<div class=\"elementor-element elementor-element-ea6a174 elementor-widget elementor-widget-text-editor\" data-id=\"ea6a174\" data-element_type=\"widget\" data-e-type=\"widget\" data-widget_type=\"text-editor.default\">\n\t\t\t\t\t\t\t\t\t<p><strong>ECOSUN Innovations<\/strong> implements appropriate technical and organizational measures to ensure the security and confidentiality of personal data.<\/p>\t\t\t\t\t\t\t\t<\/div>\n\t\t\t\t<div class=\"elementor-element elementor-element-d5e13dc elementor-widget elementor-widget-heading\" data-id=\"d5e13dc\" data-element_type=\"widget\" data-e-type=\"widget\" data-widget_type=\"heading.default\">\n\t\t\t\t\t<h2 class=\"elementor-heading-title elementor-size-default\">10. Policy Changes<\/h2>\t\t\t\t<\/div>\n\t\t\t\t<div class=\"elementor-element elementor-element-db362fc elementor-widget elementor-widget-text-editor\" data-id=\"db362fc\" data-element_type=\"widget\" data-e-type=\"widget\" data-widget_type=\"text-editor.default\">\n\t\t\t\t\t\t\t\t\t<p>This policy may be modified at any time to ensure its compliance with current legislation.<br>The update date will be indicated.<\/p><p>Last updated: 2026-01-16<\/p>\t\t\t\t\t\t\t\t<\/div>\n\t\t\t\t\t<\/div>\n\t\t\t\t<\/div>\n\t\t\t\t<\/div>\n\t\t","protected":false},"excerpt":{"rendered":"<p>1. Data Controller The data controller for personal data is: ECOSUN InnovationsSimplified Joint Stock Company (SAS)Registered office: ZI ouest zone industrielle ouest, 68490 HOMBOURGEmail: 2. Personal Data Collected We only collect data strictly necessary for the proper functioning of the site and for managing requests: a) Via contact forms Full name Email address Phone number [&hellip;]<\/p>\n","protected":false},"author":1,"featured_media":0,"parent":0,"menu_order":0,"comment_status":"closed","ping_status":"closed","template":"elementor_header_footer","meta":{"_acf_changed":false,"footnotes":""},"class_list":["post-3083","page","type-page","status-publish","hentry"],"acf":[],"yoast_head":"<!-- This site is optimized with the Yoast SEO plugin v27.3 - https:\/\/yoast.com\/product\/yoast-seo-wordpress\/ -->\n<title>Privacy Policy - ECOSUN Innovations<\/title>\n<meta name=\"robots\" content=\"index, follow, max-snippet:-1, max-image-preview:large, max-video-preview:-1\" \/>\n<link rel=\"canonical\" href=\"https:\/\/www.ecosuninnovations.com\/en\/privacy-policy\/\" \/>\n<meta property=\"og:locale\" content=\"en_US\" \/>\n<meta property=\"og:type\" content=\"article\" \/>\n<meta property=\"og:title\" content=\"Privacy Policy - ECOSUN Innovations\" \/>\n<meta property=\"og:description\" content=\"1. Data Controller The data controller for personal data is: ECOSUN InnovationsSimplified Joint Stock Company (SAS)Registered office: ZI ouest zone industrielle ouest, 68490 HOMBOURGEmail: 2. Personal Data Collected We only collect data strictly necessary for the proper functioning of the site and for managing requests: a) Via contact forms Full name Email address Phone number [&hellip;]\" \/>\n<meta property=\"og:url\" content=\"https:\/\/www.ecosuninnovations.com\/en\/privacy-policy\/\" \/>\n<meta property=\"og:site_name\" content=\"ECOSUN Innovations\" \/>\n<meta property=\"article:publisher\" content=\"https:\/\/www.facebook.com\/ecosuninnovations\" \/>\n<meta property=\"article:modified_time\" content=\"2026-03-10T09:51:00+00:00\" \/>\n<meta name=\"twitter:card\" content=\"summary_large_image\" \/>\n<meta name=\"twitter:label1\" content=\"Est. reading time\" \/>\n\t<meta name=\"twitter:data1\" content=\"2 minutes\" \/>\n<script type=\"application\/ld+json\" class=\"yoast-schema-graph\">{\"@context\":\"https:\\\/\\\/schema.org\",\"@graph\":[{\"@type\":\"WebPage\",\"@id\":\"https:\\\/\\\/www.ecosuninnovations.com\\\/en\\\/privacy-policy\\\/\",\"url\":\"https:\\\/\\\/www.ecosuninnovations.com\\\/en\\\/privacy-policy\\\/\",\"name\":\"Privacy Policy - ECOSUN Innovations\",\"isPartOf\":{\"@id\":\"https:\\\/\\\/www.ecosuninnovations.com\\\/en\\\/#website\"},\"datePublished\":\"2026-01-16T10:42:54+00:00\",\"dateModified\":\"2026-03-10T09:51:00+00:00\",\"breadcrumb\":{\"@id\":\"https:\\\/\\\/www.ecosuninnovations.com\\\/en\\\/privacy-policy\\\/#breadcrumb\"},\"inLanguage\":\"en-US\",\"potentialAction\":[{\"@type\":\"ReadAction\",\"target\":[\"https:\\\/\\\/www.ecosuninnovations.com\\\/en\\\/privacy-policy\\\/\"]}]},{\"@type\":\"BreadcrumbList\",\"@id\":\"https:\\\/\\\/www.ecosuninnovations.com\\\/en\\\/privacy-policy\\\/#breadcrumb\",\"itemListElement\":[{\"@type\":\"ListItem\",\"position\":1,\"name\":\"Home\",\"item\":\"https:\\\/\\\/www.ecosuninnovations.com\\\/en\\\/\"},{\"@type\":\"ListItem\",\"position\":2,\"name\":\"Privacy Policy\"}]},{\"@type\":\"WebSite\",\"@id\":\"https:\\\/\\\/www.ecosuninnovations.com\\\/en\\\/#website\",\"url\":\"https:\\\/\\\/www.ecosuninnovations.com\\\/en\\\/\",\"name\":\"ECOSUN Innovations\",\"description\":\"Solutions de g\u00e9n\u00e9rateurs solaires pr\u00eats \u00e0 brancher et transportables r\u00e9pondant aux besoins des zones non raccord\u00e9es \u00e0 un r\u00e9seau \u00e9lectrique pour mission militaire, humanitaire, villages isol\u00e9s, pompage, activit\u00e9 mini\u00e8re ou \u00e9cotourisme...\",\"publisher\":{\"@id\":\"https:\\\/\\\/www.ecosuninnovations.com\\\/en\\\/#organization\"},\"potentialAction\":[{\"@type\":\"SearchAction\",\"target\":{\"@type\":\"EntryPoint\",\"urlTemplate\":\"https:\\\/\\\/www.ecosuninnovations.com\\\/en\\\/?s={search_term_string}\"},\"query-input\":{\"@type\":\"PropertyValueSpecification\",\"valueRequired\":true,\"valueName\":\"search_term_string\"}}],\"inLanguage\":\"en-US\"},{\"@type\":\"Organization\",\"@id\":\"https:\\\/\\\/www.ecosuninnovations.com\\\/en\\\/#organization\",\"name\":\"ECOSUN Innovations\",\"url\":\"https:\\\/\\\/www.ecosuninnovations.com\\\/en\\\/\",\"logo\":{\"@type\":\"ImageObject\",\"inLanguage\":\"en-US\",\"@id\":\"https:\\\/\\\/www.ecosuninnovations.com\\\/en\\\/#\\\/schema\\\/logo\\\/image\\\/\",\"url\":\"https:\\\/\\\/www.ecosuninnovations.com\\\/wp-content\\\/uploads\\\/2026\\\/01\\\/logo_ecosun-innovations.png\",\"contentUrl\":\"https:\\\/\\\/www.ecosuninnovations.com\\\/wp-content\\\/uploads\\\/2026\\\/01\\\/logo_ecosun-innovations.png\",\"width\":553,\"height\":226,\"caption\":\"ECOSUN Innovations\"},\"image\":{\"@id\":\"https:\\\/\\\/www.ecosuninnovations.com\\\/en\\\/#\\\/schema\\\/logo\\\/image\\\/\"},\"sameAs\":[\"https:\\\/\\\/www.facebook.com\\\/ecosuninnovations\",\"https:\\\/\\\/www.linkedin.com\\\/company\\\/ecosun-innovations\"]}]}<\/script>\n<!-- \/ Yoast SEO plugin. -->","yoast_head_json":{"title":"Privacy Policy - ECOSUN Innovations","robots":{"index":"index","follow":"follow","max-snippet":"max-snippet:-1","max-image-preview":"max-image-preview:large","max-video-preview":"max-video-preview:-1"},"canonical":"https:\/\/www.ecosuninnovations.com\/en\/privacy-policy\/","og_locale":"en_US","og_type":"article","og_title":"Privacy Policy - ECOSUN Innovations","og_description":"1. Data Controller The data controller for personal data is: ECOSUN InnovationsSimplified Joint Stock Company (SAS)Registered office: ZI ouest zone industrielle ouest, 68490 HOMBOURGEmail: 2. Personal Data Collected We only collect data strictly necessary for the proper functioning of the site and for managing requests: a) Via contact forms Full name Email address Phone number [&hellip;]","og_url":"https:\/\/www.ecosuninnovations.com\/en\/privacy-policy\/","og_site_name":"ECOSUN Innovations","article_publisher":"https:\/\/www.facebook.com\/ecosuninnovations","article_modified_time":"2026-03-10T09:51:00+00:00","twitter_card":"summary_large_image","twitter_misc":{"Est. reading time":"2 minutes"},"schema":{"@context":"https:\/\/schema.org","@graph":[{"@type":"WebPage","@id":"https:\/\/www.ecosuninnovations.com\/en\/privacy-policy\/","url":"https:\/\/www.ecosuninnovations.com\/en\/privacy-policy\/","name":"Privacy Policy - ECOSUN Innovations","isPartOf":{"@id":"https:\/\/www.ecosuninnovations.com\/en\/#website"},"datePublished":"2026-01-16T10:42:54+00:00","dateModified":"2026-03-10T09:51:00+00:00","breadcrumb":{"@id":"https:\/\/www.ecosuninnovations.com\/en\/privacy-policy\/#breadcrumb"},"inLanguage":"en-US","potentialAction":[{"@type":"ReadAction","target":["https:\/\/www.ecosuninnovations.com\/en\/privacy-policy\/"]}]},{"@type":"BreadcrumbList","@id":"https:\/\/www.ecosuninnovations.com\/en\/privacy-policy\/#breadcrumb","itemListElement":[{"@type":"ListItem","position":1,"name":"Home","item":"https:\/\/www.ecosuninnovations.com\/en\/"},{"@type":"ListItem","position":2,"name":"Privacy Policy"}]},{"@type":"WebSite","@id":"https:\/\/www.ecosuninnovations.com\/en\/#website","url":"https:\/\/www.ecosuninnovations.com\/en\/","name":"ECOSUN Innovations","description":"Solutions de g\u00e9n\u00e9rateurs solaires pr\u00eats \u00e0 brancher et transportables r\u00e9pondant aux besoins des zones non raccord\u00e9es \u00e0 un r\u00e9seau \u00e9lectrique pour mission militaire, humanitaire, villages isol\u00e9s, pompage, activit\u00e9 mini\u00e8re ou \u00e9cotourisme...","publisher":{"@id":"https:\/\/www.ecosuninnovations.com\/en\/#organization"},"potentialAction":[{"@type":"SearchAction","target":{"@type":"EntryPoint","urlTemplate":"https:\/\/www.ecosuninnovations.com\/en\/?s={search_term_string}"},"query-input":{"@type":"PropertyValueSpecification","valueRequired":true,"valueName":"search_term_string"}}],"inLanguage":"en-US"},{"@type":"Organization","@id":"https:\/\/www.ecosuninnovations.com\/en\/#organization","name":"ECOSUN Innovations","url":"https:\/\/www.ecosuninnovations.com\/en\/","logo":{"@type":"ImageObject","inLanguage":"en-US","@id":"https:\/\/www.ecosuninnovations.com\/en\/#\/schema\/logo\/image\/","url":"https:\/\/www.ecosuninnovations.com\/wp-content\/uploads\/2026\/01\/logo_ecosun-innovations.png","contentUrl":"https:\/\/www.ecosuninnovations.com\/wp-content\/uploads\/2026\/01\/logo_ecosun-innovations.png","width":553,"height":226,"caption":"ECOSUN Innovations"},"image":{"@id":"https:\/\/www.ecosuninnovations.com\/en\/#\/schema\/logo\/image\/"},"sameAs":["https:\/\/www.facebook.com\/ecosuninnovations","https:\/\/www.linkedin.com\/company\/ecosun-innovations"]}]}},"_links":{"self":[{"href":"https:\/\/www.ecosuninnovations.com\/en\/wp-json\/wp\/v2\/pages\/3083","targetHints":{"allow":["GET"]}}],"collection":[{"href":"https:\/\/www.ecosuninnovations.com\/en\/wp-json\/wp\/v2\/pages"}],"about":[{"href":"https:\/\/www.ecosuninnovations.com\/en\/wp-json\/wp\/v2\/types\/page"}],"author":[{"embeddable":true,"href":"https:\/\/www.ecosuninnovations.com\/en\/wp-json\/wp\/v2\/users\/1"}],"replies":[{"embeddable":true,"href":"https:\/\/www.ecosuninnovations.com\/en\/wp-json\/wp\/v2\/comments?post=3083"}],"version-history":[{"count":1,"href":"https:\/\/www.ecosuninnovations.com\/en\/wp-json\/wp\/v2\/pages\/3083\/revisions"}],"predecessor-version":[{"id":3084,"href":"https:\/\/www.ecosuninnovations.com\/en\/wp-json\/wp\/v2\/pages\/3083\/revisions\/3084"}],"wp:attachment":[{"href":"https:\/\/www.ecosuninnovations.com\/en\/wp-json\/wp\/v2\/media?parent=3083"}],"curies":[{"name":"wp","href":"https:\/\/api.w.org\/{rel}","templated":true}]}}