{"id":3080,"date":"2026-01-19T10:38:28","date_gmt":"2026-01-19T09:38:28","guid":{"rendered":"https:\/\/ecosuninnovations.local\/recruitment\/"},"modified":"2026-03-10T10:38:15","modified_gmt":"2026-03-10T09:38:15","slug":"recruitment","status":"publish","type":"page","link":"https:\/\/www.ecosuninnovations.com\/en\/recruitment\/","title":{"rendered":"Recruitment"},"content":{"rendered":"\t\t<div data-elementor-type=\"wp-page\" data-elementor-id=\"3080\" class=\"elementor elementor-3080 elementor-1050\" data-elementor-post-type=\"page\">\n\t\t\t\t<div class=\"elementor-element elementor-element-1e33b67 e-flex e-con-boxed e-con e-parent\" data-id=\"1e33b67\" data-element_type=\"container\" data-e-type=\"container\" data-settings=\"{&quot;background_background&quot;:&quot;gradient&quot;}\">\n\t\t\t\t\t<div class=\"e-con-inner\">\n\t\t<div class=\"elementor-element elementor-element-4f2b12a5 e-con-full e-flex e-con e-child\" data-id=\"4f2b12a5\" data-element_type=\"container\" data-e-type=\"container\">\n\t\t\t\t<div class=\"elementor-element elementor-element-6dc8f478 elementor-widget elementor-widget-breadcrumbs\" data-id=\"6dc8f478\" data-element_type=\"widget\" data-e-type=\"widget\" data-widget_type=\"breadcrumbs.default\">\n\t\t\t\t\t<p id=\"breadcrumbs\"><span><span><a href=\"https:\/\/www.ecosuninnovations.com\/en\/\">Home<\/a><\/span><\/span><\/p>\t\t\t\t<\/div>\n\t\t\t\t<div class=\"elementor-element elementor-element-12b14f83 title-underline elementor-widget elementor-widget-heading\" data-id=\"12b14f83\" data-element_type=\"widget\" data-e-type=\"widget\" data-widget_type=\"heading.default\">\n\t\t\t\t\t<h1 class=\"elementor-heading-title elementor-size-default\">ECOSUN is hiring<\/h1>\t\t\t\t<\/div>\n\t\t\t\t<\/div>\n\t\t\t\t\t<\/div>\n\t\t\t\t<\/div>\n\t\t<div class=\"elementor-element elementor-element-9beb0e7 e-flex e-con-boxed e-con e-parent\" data-id=\"9beb0e7\" data-element_type=\"container\" data-e-type=\"container\">\n\t\t\t\t\t<div class=\"e-con-inner\">\n\t\t\t\t<div class=\"elementor-element elementor-element-b875ce7 elementor-grid-1 elementor-grid-tablet-1 elementor-grid-mobile-1 elementor-widget elementor-widget-loop-grid\" data-id=\"b875ce7\" data-element_type=\"widget\" data-e-type=\"widget\" data-settings=\"{&quot;template_id&quot;:3237,&quot;columns&quot;:1,&quot;columns_tablet&quot;:1,&quot;row_gap&quot;:{&quot;unit&quot;:&quot;em&quot;,&quot;size&quot;:0.5,&quot;sizes&quot;:[]},&quot;row_gap_tablet&quot;:{&quot;unit&quot;:&quot;em&quot;,&quot;size&quot;:&quot;&quot;,&quot;sizes&quot;:[]},&quot;row_gap_mobile&quot;:{&quot;unit&quot;:&quot;em&quot;,&quot;size&quot;:&quot;&quot;,&quot;sizes&quot;:[]},&quot;_skin&quot;:&quot;post&quot;,&quot;columns_mobile&quot;:&quot;1&quot;,&quot;edit_handle_selector&quot;:&quot;[data-elementor-type=\\&quot;loop-item\\&quot;]&quot;}\" data-widget_type=\"loop-grid.post\">\n\t\t\t\t<div class=\"elementor-widget-container\">\n\t\t\t\t\t\t\t<div class=\"e-loop-nothing-found-message\">\n\t\t\t\t\t<div class=\"e-loop-nothing-found-message__text\">\n\t\t\t\t<h2>No vacancies available at this time.<\/h2><p>You may send a spontaneous application to the following address: <a href=\"mailto:&#114;ec&#114;&#117;t&#101;&#109;&#101;&#110;t&#64;&#101;c&#111;s&#117;&#110;i&#110;&#110;&#111;v&#97;t&#105;&#111;&#110;s&#46;c&#111;&#109;\" title=\"&#114;ec&#114;&#117;t&#101;&#109;&#101;&#110;t&#64;&#101;c&#111;s&#117;&#110;i&#110;&#110;&#111;v&#97;t&#105;&#111;&#110;s&#46;c&#111;&#109;\">&#114;ec&#114;&#117;t&#101;&#109;&#101;&#110;t&#64;&#101;c&#111;s&#117;&#110;i&#110;&#110;&#111;v&#97;t&#105;&#111;&#110;s&#46;c&#111;&#109;<\/a>.<\/p>\t\t\t<\/div>\n\t\t\t<\/div>\n\t\t\t\t\t\t<\/div>\n\t\t\t\t<\/div>\n\t\t\t\t\t<\/div>\n\t\t\t\t<\/div>\n\t\t\t\t<\/div>\n\t\t","protected":false},"excerpt":{"rendered":"<p>ECOSUN is hiring<\/p>\n","protected":false},"author":1,"featured_media":0,"parent":0,"menu_order":0,"comment_status":"closed","ping_status":"closed","template":"elementor_header_footer","meta":{"_acf_changed":false,"footnotes":""},"class_list":["post-3080","page","type-page","status-publish","hentry"],"acf":[],"yoast_head":"<!-- This site is optimized with the Yoast SEO plugin v27.3 - https:\/\/yoast.com\/product\/yoast-seo-wordpress\/ -->\n<title>Recruitment - ECOSUN Innovations<\/title>\n<meta name=\"robots\" content=\"index, follow, max-snippet:-1, max-image-preview:large, max-video-preview:-1\" \/>\n<link rel=\"canonical\" href=\"https:\/\/www.ecosuninnovations.com\/en\/recruitment\/\" \/>\n<meta property=\"og:locale\" content=\"en_US\" \/>\n<meta property=\"og:type\" content=\"article\" \/>\n<meta property=\"og:title\" content=\"Recruitment - ECOSUN Innovations\" \/>\n<meta property=\"og:description\" content=\"ECOSUN is hiring\" \/>\n<meta property=\"og:url\" content=\"https:\/\/www.ecosuninnovations.com\/en\/recruitment\/\" \/>\n<meta property=\"og:site_name\" content=\"ECOSUN Innovations\" \/>\n<meta property=\"article:publisher\" content=\"https:\/\/www.facebook.com\/ecosuninnovations\" \/>\n<meta property=\"article:modified_time\" content=\"2026-03-10T09:38:15+00:00\" \/>\n<meta name=\"twitter:card\" content=\"summary_large_image\" \/>\n<script type=\"application\/ld+json\" class=\"yoast-schema-graph\">{\"@context\":\"https:\\\/\\\/schema.org\",\"@graph\":[{\"@type\":\"WebPage\",\"@id\":\"https:\\\/\\\/www.ecosuninnovations.com\\\/en\\\/recruitment\\\/\",\"url\":\"https:\\\/\\\/www.ecosuninnovations.com\\\/en\\\/recruitment\\\/\",\"name\":\"Recruitment - ECOSUN Innovations\",\"isPartOf\":{\"@id\":\"https:\\\/\\\/www.ecosuninnovations.com\\\/en\\\/#website\"},\"datePublished\":\"2026-01-19T09:38:28+00:00\",\"dateModified\":\"2026-03-10T09:38:15+00:00\",\"breadcrumb\":{\"@id\":\"https:\\\/\\\/www.ecosuninnovations.com\\\/en\\\/recruitment\\\/#breadcrumb\"},\"inLanguage\":\"en-US\",\"potentialAction\":[{\"@type\":\"ReadAction\",\"target\":[\"https:\\\/\\\/www.ecosuninnovations.com\\\/en\\\/recruitment\\\/\"]}]},{\"@type\":\"BreadcrumbList\",\"@id\":\"https:\\\/\\\/www.ecosuninnovations.com\\\/en\\\/recruitment\\\/#breadcrumb\",\"itemListElement\":[{\"@type\":\"ListItem\",\"position\":1,\"name\":\"Home\",\"item\":\"https:\\\/\\\/www.ecosuninnovations.com\\\/en\\\/\"},{\"@type\":\"ListItem\",\"position\":2,\"name\":\"Recruitment\"}]},{\"@type\":\"WebSite\",\"@id\":\"https:\\\/\\\/www.ecosuninnovations.com\\\/en\\\/#website\",\"url\":\"https:\\\/\\\/www.ecosuninnovations.com\\\/en\\\/\",\"name\":\"ECOSUN Innovations\",\"description\":\"Solutions de g\u00e9n\u00e9rateurs solaires pr\u00eats \u00e0 brancher et transportables r\u00e9pondant aux besoins des zones non raccord\u00e9es \u00e0 un r\u00e9seau \u00e9lectrique pour mission militaire, humanitaire, villages isol\u00e9s, pompage, activit\u00e9 mini\u00e8re ou \u00e9cotourisme...\",\"publisher\":{\"@id\":\"https:\\\/\\\/www.ecosuninnovations.com\\\/en\\\/#organization\"},\"potentialAction\":[{\"@type\":\"SearchAction\",\"target\":{\"@type\":\"EntryPoint\",\"urlTemplate\":\"https:\\\/\\\/www.ecosuninnovations.com\\\/en\\\/?s={search_term_string}\"},\"query-input\":{\"@type\":\"PropertyValueSpecification\",\"valueRequired\":true,\"valueName\":\"search_term_string\"}}],\"inLanguage\":\"en-US\"},{\"@type\":\"Organization\",\"@id\":\"https:\\\/\\\/www.ecosuninnovations.com\\\/en\\\/#organization\",\"name\":\"ECOSUN Innovations\",\"url\":\"https:\\\/\\\/www.ecosuninnovations.com\\\/en\\\/\",\"logo\":{\"@type\":\"ImageObject\",\"inLanguage\":\"en-US\",\"@id\":\"https:\\\/\\\/www.ecosuninnovations.com\\\/en\\\/#\\\/schema\\\/logo\\\/image\\\/\",\"url\":\"https:\\\/\\\/www.ecosuninnovations.com\\\/wp-content\\\/uploads\\\/2026\\\/01\\\/logo_ecosun-innovations.png\",\"contentUrl\":\"https:\\\/\\\/www.ecosuninnovations.com\\\/wp-content\\\/uploads\\\/2026\\\/01\\\/logo_ecosun-innovations.png\",\"width\":553,\"height\":226,\"caption\":\"ECOSUN Innovations\"},\"image\":{\"@id\":\"https:\\\/\\\/www.ecosuninnovations.com\\\/en\\\/#\\\/schema\\\/logo\\\/image\\\/\"},\"sameAs\":[\"https:\\\/\\\/www.facebook.com\\\/ecosuninnovations\",\"https:\\\/\\\/www.linkedin.com\\\/company\\\/ecosun-innovations\"]}]}<\/script>\n<!-- \/ Yoast SEO plugin. -->","yoast_head_json":{"title":"Recruitment - ECOSUN Innovations","robots":{"index":"index","follow":"follow","max-snippet":"max-snippet:-1","max-image-preview":"max-image-preview:large","max-video-preview":"max-video-preview:-1"},"canonical":"https:\/\/www.ecosuninnovations.com\/en\/recruitment\/","og_locale":"en_US","og_type":"article","og_title":"Recruitment - ECOSUN Innovations","og_description":"ECOSUN is hiring","og_url":"https:\/\/www.ecosuninnovations.com\/en\/recruitment\/","og_site_name":"ECOSUN Innovations","article_publisher":"https:\/\/www.facebook.com\/ecosuninnovations","article_modified_time":"2026-03-10T09:38:15+00:00","twitter_card":"summary_large_image","schema":{"@context":"https:\/\/schema.org","@graph":[{"@type":"WebPage","@id":"https:\/\/www.ecosuninnovations.com\/en\/recruitment\/","url":"https:\/\/www.ecosuninnovations.com\/en\/recruitment\/","name":"Recruitment - ECOSUN Innovations","isPartOf":{"@id":"https:\/\/www.ecosuninnovations.com\/en\/#website"},"datePublished":"2026-01-19T09:38:28+00:00","dateModified":"2026-03-10T09:38:15+00:00","breadcrumb":{"@id":"https:\/\/www.ecosuninnovations.com\/en\/recruitment\/#breadcrumb"},"inLanguage":"en-US","potentialAction":[{"@type":"ReadAction","target":["https:\/\/www.ecosuninnovations.com\/en\/recruitment\/"]}]},{"@type":"BreadcrumbList","@id":"https:\/\/www.ecosuninnovations.com\/en\/recruitment\/#breadcrumb","itemListElement":[{"@type":"ListItem","position":1,"name":"Home","item":"https:\/\/www.ecosuninnovations.com\/en\/"},{"@type":"ListItem","position":2,"name":"Recruitment"}]},{"@type":"WebSite","@id":"https:\/\/www.ecosuninnovations.com\/en\/#website","url":"https:\/\/www.ecosuninnovations.com\/en\/","name":"ECOSUN Innovations","description":"Solutions de g\u00e9n\u00e9rateurs solaires pr\u00eats \u00e0 brancher et transportables r\u00e9pondant aux besoins des zones non raccord\u00e9es \u00e0 un r\u00e9seau \u00e9lectrique pour mission militaire, humanitaire, villages isol\u00e9s, pompage, activit\u00e9 mini\u00e8re ou \u00e9cotourisme...","publisher":{"@id":"https:\/\/www.ecosuninnovations.com\/en\/#organization"},"potentialAction":[{"@type":"SearchAction","target":{"@type":"EntryPoint","urlTemplate":"https:\/\/www.ecosuninnovations.com\/en\/?s={search_term_string}"},"query-input":{"@type":"PropertyValueSpecification","valueRequired":true,"valueName":"search_term_string"}}],"inLanguage":"en-US"},{"@type":"Organization","@id":"https:\/\/www.ecosuninnovations.com\/en\/#organization","name":"ECOSUN Innovations","url":"https:\/\/www.ecosuninnovations.com\/en\/","logo":{"@type":"ImageObject","inLanguage":"en-US","@id":"https:\/\/www.ecosuninnovations.com\/en\/#\/schema\/logo\/image\/","url":"https:\/\/www.ecosuninnovations.com\/wp-content\/uploads\/2026\/01\/logo_ecosun-innovations.png","contentUrl":"https:\/\/www.ecosuninnovations.com\/wp-content\/uploads\/2026\/01\/logo_ecosun-innovations.png","width":553,"height":226,"caption":"ECOSUN Innovations"},"image":{"@id":"https:\/\/www.ecosuninnovations.com\/en\/#\/schema\/logo\/image\/"},"sameAs":["https:\/\/www.facebook.com\/ecosuninnovations","https:\/\/www.linkedin.com\/company\/ecosun-innovations"]}]}},"_links":{"self":[{"href":"https:\/\/www.ecosuninnovations.com\/en\/wp-json\/wp\/v2\/pages\/3080","targetHints":{"allow":["GET"]}}],"collection":[{"href":"https:\/\/www.ecosuninnovations.com\/en\/wp-json\/wp\/v2\/pages"}],"about":[{"href":"https:\/\/www.ecosuninnovations.com\/en\/wp-json\/wp\/v2\/types\/page"}],"author":[{"embeddable":true,"href":"https:\/\/www.ecosuninnovations.com\/en\/wp-json\/wp\/v2\/users\/1"}],"replies":[{"embeddable":true,"href":"https:\/\/www.ecosuninnovations.com\/en\/wp-json\/wp\/v2\/comments?post=3080"}],"version-history":[{"count":1,"href":"https:\/\/www.ecosuninnovations.com\/en\/wp-json\/wp\/v2\/pages\/3080\/revisions"}],"predecessor-version":[{"id":3081,"href":"https:\/\/www.ecosuninnovations.com\/en\/wp-json\/wp\/v2\/pages\/3080\/revisions\/3081"}],"wp:attachment":[{"href":"https:\/\/www.ecosuninnovations.com\/en\/wp-json\/wp\/v2\/media?parent=3080"}],"curies":[{"name":"wp","href":"https:\/\/api.w.org\/{rel}","templated":true}]}}